{"id":715,"date":"2021-03-17T23:34:29","date_gmt":"2021-03-17T23:34:29","guid":{"rendered":"http:\/\/www.agrolex.cz\/?post_type=product&#038;p=715"},"modified":"2021-03-26T10:17:20","modified_gmt":"2021-03-26T10:17:20","slug":"biofaktory-liz-mg-mikro","status":"publish","type":"product","link":"https:\/\/www.agrolex.cz\/?product=biofaktory-liz-mg-mikro","title":{"rendered":"Miner\u00e1ln\u00ed liz ho\u0159\u010d\u00edkov\u00fd MG Mikro Super 10 kg"},"content":{"rendered":"<div class=\"all\">\n<div class=\"wrapper\">\n<div class=\"page clearfix\">\n<div class=\"container productDetail\">\n<div class=\"grid-line clearfix\">\n<div class=\"grid grid-70\">\n<div class=\"container\">\n<h3>Miner\u00e1ln\u00ed ho\u0159\u010d\u00edkov\u00fd &#8211; MG liz pro kon\u011b a ovce<\/h3>\n<div class=\"all\">\n<div class=\"wrapper\">\n<div class=\"page clearfix\">\n<div class=\"container productDetail\">\n<div class=\"grid-line clearfix\">\n<div class=\"grid grid-70\">\n<div class=\"container productDetailSpecs\">\n<div class=\"grid-line no-margin clearfix\">\n<div class=\"grid toggleComp\">\n<div class=\"productDetailSpecsContent toggleBlock\">\n<p>P\u0159\u00edrodn\u00ed kamenn\u00e1 s\u016fl obohacen\u00e1 makro i mikroprvky.<\/p>\n<\/div>\n<\/div>\n<\/div>\n<\/div>\n<\/div>\n<\/div>\n<\/div>\n<\/div>\n<\/div>\n<\/div>\n<div class=\"all\">\n<div class=\"wrapper\">\n<div class=\"page clearfix\">\n<div class=\"container productDetail\">\n<div class=\"grid-line clearfix\">\n<div class=\"grid grid-70\">\n<div class=\"container productDetailSpecs\">\n<div class=\"grid-line no-margin clearfix\">\n<div class=\"grid toggleComp\">\n<div><\/div>\n<div>\n<p>Miner\u00e1ln\u00ed l\u00e1tky hraj\u00ed ve v\u00fd\u017eiv\u011b zv\u00ed\u0159at nezastupitelnou roli. Jsou v\u00fdznamn\u00fdmi stavebn\u00edmi kameny t\u011bla a jsou tak\u00e9 \u017eivotn\u011b d\u016fle\u017eit\u00e9 v l\u00e1tkov\u00e9 p\u0159em\u011bn\u011b.<\/p>\n<p>Pokud se tyto l\u00e1tky zv\u00ed\u0159at\u016fm nepod\u00e1vaj\u00ed v dostate\u010dn\u00e9m mno\u017estv\u00ed nebo jsou-li zv\u00ed\u0159ata chov\u00e1na ve \u0161patn\u00fdch pom\u011brech, nastupuj\u00ed \u010dasto projevy nedostatku, jak\u00fdmi jsou nap\u0159. poruchy v\u00fdvinu, plodnosti, sn\u00ed\u017een\u00ed u\u017eitkovosti, \u010dast\u00fd v\u00fdskyt onemocn\u011bn\u00ed, apod.<\/p>\n<p>Miner\u00e1ln\u00ed krmivo &#8211; Soln\u00fd liz &#8211; Liz Mikro Mg Super je p\u0159\u00edrodn\u00ed kamenn\u00e1 s\u016fl, obohacen\u00e1 makro i mikroprvky (viz n\u00ed\u017ee).<\/p>\n<p>Vyzna\u010duje se zv\u00fd\u0161en\u00fdm obsahem ho\u0159\u010d\u00edku a selenu. Tento liz je ur\u010den p\u0159edev\u0161\u00edm pro p\u0159e\u017ev\u00fdkavce v oblastech s rozs\u00e1hlej\u0161\u00edmi travn\u00edmi porosty na \u00fakor jetelovin a tak\u00e9 pro brambor\u00e1\u0159sk\u00e9 oblasti.<\/p>\n<p>Doporu\u010den\u00e1 denn\u00ed d\u00e1vka pro hospod\u00e1\u0159sk\u00e1 zv\u00ed\u0159ata se obvykle pohybuje kolem 10 &#8211; 50 g podle velikosti zv\u00ed\u0159ete.<\/p>\n<p>Velikost : 10 kg<\/p>\n<p>ANALYTICK\u00c9 SLO\u017dKY:<\/p>\n<p>Sod\u00edk 30,5%<\/p>\n<p>Ho\u0159\u010d\u00edk 5,5%<\/p>\n<p>V\u00e1pn\u00edk 0,40%<\/p>\n<p>Fosfor 1,5%<\/p>\n<p>Skladujte v such\u00fdch, vzdu\u0161n\u00fdch a \u010dist\u00fdch skladovac\u00edch prostor\u00e1ch, chr\u00e1n\u011bn\u00fdch p\u0159ed pov\u011btrnostn\u00edmi vlivy.<\/p>\n<\/div>\n<\/div>\n<\/div>\n<\/div>\n<\/div>\n<\/div>\n<\/div>\n<\/div>\n<\/div>\n<\/div>\n<div class=\"all\">\n<div class=\"wrapper\">\n<div class=\"page clearfix\">\n<div class=\"container productDetail\">\n<div class=\"grid-line clearfix\">\n<div class=\"grid grid-70\">\n<div class=\"container\">\n<div class=\"all\">\n<div class=\"wrapper\">\n<div class=\"page clearfix\">\n<div class=\"container productDetail\">\n<div class=\"grid-line clearfix\">\n<div class=\"grid grid-70\">\n<div class=\"container\">\n<p>&nbsp;<\/p>\n<\/div>\n<\/div>\n<\/div>\n<\/div>\n<\/div>\n<\/div>\n<\/div>\n<\/div>\n<\/div>\n<\/div>\n<\/div>\n<\/div>\n<\/div>\n<\/div>\n<\/div>\n<\/div>\n<\/div>\n<\/div>\n<\/div>\n<\/div>\n<\/div>\n","protected":false},"excerpt":{"rendered":"<h3>Miner\u00e1ln\u00ed ho\u0159\u010d\u00edkov\u00fd &#8211; MG liz pro kon\u011b a ovce<\/h3>\n<div class=\"all\">\n<div class=\"wrapper\">\n<div class=\"page clearfix\">\n<div class=\"container productDetail\">\n<div class=\"grid-line clearfix\">\n<div class=\"grid grid-70\">\n<div class=\"container productDetailSpecs\">\n<div class=\"grid-line no-margin clearfix\">\n<div class=\"grid toggleComp\">\n<div class=\"productDetailSpecsContent toggleBlock\">\n<p>P\u0159\u00edrodn\u00ed kamenn\u00e1 s\u016fl obohacen\u00e1 makro i mikroprvky.<\/p>\n<p><span style=\"color: #993300;\">AKCE<\/span><\/p>\n<\/div>\n<ul>\n<li class=\"-wm-MsoNormal\">p\u0159i koupi 2 ks cena 290 K\u010d (145 K\u010d\/ks)<\/li>\n<li>p\u0159i koupi 3 ks cena 420 K\u010d (140 K\u010d\/ks)<\/li>\n<\/ul>\n<\/div>\n<\/div>\n<\/div>\n<\/div>\n<\/div>\n<\/div>\n<\/div>\n<\/div>\n<\/div>\n","protected":false},"featured_media":718,"comment_status":"open","ping_status":"closed","template":"","meta":[],"_links":{"self":[{"href":"https:\/\/www.agrolex.cz\/index.php?rest_route=\/wp\/v2\/product\/715"}],"collection":[{"href":"https:\/\/www.agrolex.cz\/index.php?rest_route=\/wp\/v2\/product"}],"about":[{"href":"https:\/\/www.agrolex.cz\/index.php?rest_route=\/wp\/v2\/types\/product"}],"replies":[{"embeddable":true,"href":"https:\/\/www.agrolex.cz\/index.php?rest_route=%2Fwp%2Fv2%2Fcomments&post=715"}],"wp:featuredmedia":[{"embeddable":true,"href":"https:\/\/www.agrolex.cz\/index.php?rest_route=\/wp\/v2\/media\/718"}],"wp:attachment":[{"href":"https:\/\/www.agrolex.cz\/index.php?rest_route=%2Fwp%2Fv2%2Fmedia&parent=715"}],"curies":[{"name":"wp","href":"https:\/\/api.w.org\/{rel}","templated":true}]}}