{"id":721,"date":"2021-03-18T14:16:39","date_gmt":"2021-03-18T14:16:39","guid":{"rendered":"http:\/\/www.agrolex.cz\/?post_type=product&#038;p=721"},"modified":"2022-07-28T22:34:24","modified_gmt":"2022-07-28T22:34:24","slug":"aminosol","status":"publish","type":"product","link":"https:\/\/www.agrolex.cz\/?product=aminosol","title":{"rendered":"Aminosol"},"content":{"rendered":"<p><strong>Tekut\u00fd koncentr\u00e1t hydrofiln\u00edch vitamin\u016f, aminokyselin a sol\u00ed makroprvk\u016f<\/strong><\/p>\n<p>Na podporu u\u017eitkovosti<\/p>\n<ul>\n<li>Podporuje u\u017eitkovost<\/li>\n<li>Napom\u00e1h\u00e1 se vyrovnat s n\u00e1sledky stresu<\/li>\n<li>Vhodn\u00fd pro zlep\u0161en\u00ed p\u0159\u00edjmu krmiva<\/li>\n<li>Podpora v obdob\u00ed intenzivn\u00edho r\u016fstu, vysok\u00e9 u\u017eitkovosti nebo p\u0159i stresov\u00fdch stavech<\/li>\n<li>Je vhodn\u00fd k regeneraci organismu po onemocn\u011bn\u00ed \u010di poopera\u010dn\u00edch stavech<\/li>\n<\/ul>\n<p><strong>Probl\u00e9m:<\/strong><\/p>\n<p>Vlivem stresu, p\u0159i zm\u011bn\u011b krmn\u00e9 d\u00e1vky nebo onemocn\u011bn\u00ed, doch\u00e1z\u00ed ke sn\u00ed\u017een\u00ed p\u0159\u00edjmu krmiva. D\u016fsledkem omezen\u00e9ho p\u0159\u00edjmu vznik\u00e1 riziko zpomalen\u00ed r\u016fstu, sn\u00ed\u017een\u00ed u\u017eitkovosti, kter\u00e9 n\u00e1sledn\u011b vedou ke zhor\u0161en\u00ed ekonomick\u00fdch ukazatel\u016f.<\/p>\n<p><strong>\u0158e\u0161en\u00ed:<\/strong><\/p>\n<p>Aminosol se pou\u017e\u00edv\u00e1 v obdob\u00ed intenzivn\u00edho r\u016fstu, vysok\u00e9 u\u017eitkovosti nebo p\u0159i stresov\u00fdch stavech (nap\u0159. nutri\u010dn\u00ed, manipula\u010dn\u00ed, technologick\u00fd stres). Krom\u011b sn\u00ed\u017een\u00ed projev\u016f stresu lze aplikac\u00ed podpo\u0159it p\u0159\u00edjem krmiva nebo regeneraci organismu po onemocn\u011bn\u00ed \u010di po.opera\u010dn\u00edch stavech.<\/p>\n<p><strong>Zp\u016fsob aplikace a d\u00e1vkov\u00e1n\u00ed:<\/strong><\/p>\n<p>Aminosol se pod\u00e1v\u00e1 zv\u00ed\u0159at\u016fm \u0159\u00e1dn\u011b roz\u0159ed\u011bn\u00fd v pitn\u00e9 vod\u011b nebo ml\u00e9ce po dobu 5-15 dn\u016f v uveden\u00fdch d\u00e1vk\u00e1ch. Aplikaci lze opakovat po 3-4 t\u00fddnech. P\u0159i pou\u017eit\u00ed po zv\u00fd\u0161en\u00e9 n\u00e1maze nebo onemocn\u011bn\u00ed je mo\u017eno d\u00e1vkov\u00e1n\u00ed zdvojn\u00e1sobit po dobu 3 dn\u016f. Roztok je nutno p\u0159ipravovat denn\u011b \u010derstv\u00fd, chr\u00e1nit p\u0159ed p\u0159\u00edm\u00fdm slune\u010dn\u00edm sv\u011btlem a co nejrychleji spot\u0159ebovat. Nepod\u00e1vat ne\u0159ed\u011bn\u00fd p\u0159\u00edpravek!<\/p>\n<p><strong>D\u00e1vkov\u00e1n\u00ed:<\/strong><\/p>\n<table border=\"1\" cellspacing=\"1\" cellpadding=\"1\">\n<tbody>\n<tr>\n<td colspan=\"4\"><strong>DR\u016eBE\u017d<\/strong><\/td>\n<\/tr>\n<tr>\n<td>800 \u2013 1000 ml \/ 1000 l pitn\u00e9 vody<\/td>\n<td>ml\/1000 ks<\/td>\n<td>ml\/10 kg \u017e. hm.<\/td>\n<td>ml\/100 kg \u017e. hm.<\/td>\n<\/tr>\n<tr>\n<td>mlad\u00e1 dr\u016fbe\u017e do 3 t\u00fddn\u016f st\u00e1\u0159\u00ed<\/td>\n<td>17 &#8211; 65<\/td>\n<td>1 &#8211; 1,2<\/td>\n<td>10 &#8211; 12<\/td>\n<\/tr>\n<tr>\n<td>v\u00fdkrm a odchov dr\u016fbe\u017ee nad 3 t\u00fddny st\u00e1\u0159\u00ed<\/td>\n<td>50 &#8211; 200<\/td>\n<td>1 &#8211; 1,3<\/td>\n<td>10 &#8211; 13<\/td>\n<\/tr>\n<tr>\n<td>dosp\u011bl\u00e1 hrabav\u00e1 dr\u016fbe\u017e<\/p>\n<p>(slepice, ba\u017eant, perli\u010dka, aj.)<\/td>\n<td>200 &#8211; 250<\/td>\n<td>1 &#8211; 1,2<\/td>\n<td>10 &#8211; 12<\/td>\n<\/tr>\n<tr>\n<td>kr\u016fta<\/td>\n<td>250 &#8211; 800<\/td>\n<td>0,8 &#8211; 1<\/td>\n<td>8 &#8211; 10<\/td>\n<\/tr>\n<tr>\n<td>dosp\u011bl\u00e1 vodn\u00ed dr\u016fbe\u017e\u00a0(husy, kachny)<\/td>\n<td>250 &#8211; 350<\/td>\n<td>0,8 &#8211; 1<\/td>\n<td>8 &#8211; 10<\/td>\n<\/tr>\n<\/tbody>\n<\/table>\n<p>&nbsp;<\/p>\n<table border=\"1\" cellspacing=\"1\" cellpadding=\"1\">\n<tbody>\n<tr>\n<td colspan=\"4\"><strong>SAVCI<\/strong><\/td>\n<\/tr>\n<tr>\n<td><\/td>\n<td>ml\/ ks<\/td>\n<td>ml\/10 kg \u017e. hm.<\/td>\n<td>ml\/100 kg \u017e. hm.<\/td>\n<\/tr>\n<tr>\n<td>sele, jehn\u011b, k\u016fzle (5 kg)<\/td>\n<td>1<\/td>\n<td>2<\/td>\n<td>20<\/td>\n<\/tr>\n<tr>\n<td>tele, h\u0159\u00edb\u011b (150 kg)<\/td>\n<td>20 &#8211; 30<\/td>\n<td>2<\/td>\n<td>20<\/td>\n<\/tr>\n<tr>\n<td>prase (80 kg)<\/td>\n<td>12 &#8211; 16<\/td>\n<td>2<\/td>\n<td>20<\/td>\n<\/tr>\n<tr>\n<td>k\u016f\u0148 (500 kg)<\/td>\n<td>60<\/td>\n<td>1,2<\/td>\n<td>12<\/td>\n<\/tr>\n<tr>\n<td>kr\u00e1l\u00edk, nutrie (4 kg)<\/td>\n<td>\u00a01<\/td>\n<td>2<\/td>\n<td>20<\/td>\n<\/tr>\n<tr>\n<td>pes, ko\u010dka (5 kg)<\/td>\n<td>\u00a01<\/td>\n<td>2<\/td>\n<td>20<\/td>\n<\/tr>\n<tr>\n<td>mor\u010de, drobn\u00ed hlodavci\u00a0(0,5 kg)<\/td>\n<td>\u00a00,1<\/td>\n<td>\u00a02<\/td>\n<td>20<\/td>\n<\/tr>\n<\/tbody>\n<\/table>\n<p><strong>Slo\u017een\u00ed v 1 ml:<\/strong><\/p>\n<p>Sod\u00edk 7 mg, ho\u0159\u010d\u00edk 0,02 mg, cholinchlorid 20 mg, niacinamid 2 mg, D &#8211; panthenol 1 mg, vitamin B2 0,5 mg, vitamin B1 0,5 mg, vitamin B6 0,5 mg, biotin 3 \u03bcg, L &#8211; lysin HCl 8 mg, DL &#8211; methionin 3 mg, L &#8211; threonin 4,2 mg, L &#8211; tryptofan 1,5 mg<\/p>\n<p><strong>Balen\u00ed:<\/strong><\/p>\n<p>30 ml, 250 ml, 1 000 ml, 5 000 ml &#8211; plastov\u00e9 l\u00e1hve, kanystr.<\/p>\n<p><strong>Doba pou\u017eitelnosti:<\/strong><\/p>\n<p>18 m\u011bs\u00edc\u016f od data v\u00fdroby.<\/p>\n","protected":false},"excerpt":{"rendered":"<p><strong>Tekut\u00fd koncentr\u00e1t hydrofiln\u00edch vitamin\u016f, aminokyselin a sol\u00ed makroprvk\u016f<\/strong><\/p>\n<p>Na podporu u\u017eitkovosti<\/p>\n<ul>\n<li>Podporuje u\u017eitkovost<\/li>\n<li>Napom\u00e1h\u00e1 se vyrovnat s n\u00e1sledky stresu<\/li>\n<li>Vhodn\u00fd pro zlep\u0161en\u00ed p\u0159\u00edjmu krmiva<\/li>\n<li>Podpora v obdob\u00ed intenzivn\u00edho r\u016fstu, vysok\u00e9 u\u017eitkovosti nebo p\u0159i stresov\u00fdch stavech<\/li>\n<li>Je vhodn\u00fd k regeneraci organismu po onemocn\u011bn\u00ed \u010di poopera\u010dn\u00edch stavech<\/li>\n<\/ul>\n","protected":false},"featured_media":727,"comment_status":"open","ping_status":"closed","template":"","meta":[],"_links":{"self":[{"href":"https:\/\/www.agrolex.cz\/index.php?rest_route=\/wp\/v2\/product\/721"}],"collection":[{"href":"https:\/\/www.agrolex.cz\/index.php?rest_route=\/wp\/v2\/product"}],"about":[{"href":"https:\/\/www.agrolex.cz\/index.php?rest_route=\/wp\/v2\/types\/product"}],"replies":[{"embeddable":true,"href":"https:\/\/www.agrolex.cz\/index.php?rest_route=%2Fwp%2Fv2%2Fcomments&post=721"}],"wp:featuredmedia":[{"embeddable":true,"href":"https:\/\/www.agrolex.cz\/index.php?rest_route=\/wp\/v2\/media\/727"}],"wp:attachment":[{"href":"https:\/\/www.agrolex.cz\/index.php?rest_route=%2Fwp%2Fv2%2Fmedia&parent=721"}],"curies":[{"name":"wp","href":"https:\/\/api.w.org\/{rel}","templated":true}]}}