{"id":728,"date":"2021-03-18T14:47:36","date_gmt":"2021-03-18T14:47:36","guid":{"rendered":"http:\/\/www.agrolex.cz\/?post_type=product&#038;p=728"},"modified":"2022-04-18T23:22:06","modified_gmt":"2022-04-18T23:22:06","slug":"kombisol-ad3e","status":"publish","type":"product","link":"https:\/\/www.agrolex.cz\/?product=kombisol-ad3e","title":{"rendered":"Kombisol AD3E"},"content":{"rendered":"<p><strong>Tekut\u00fd koncentr\u00e1t\u00a0 vitamin\u016f A, D3 a E<\/strong><\/p>\n<p>Sou\u010dinnost vitamin\u016f A, D3 a E<\/p>\n<ul>\n<li>Ochra\u0148uje epitelov\u00e9 bu\u0148ky zejm\u00e9na v tr\u00e1vic\u00edm traktu<\/li>\n<li>Podporuje tvorbu zrakov\u00e9ho pigmentu<\/li>\n<li>Kontroluje hladinu v\u00e1pn\u00edku v organismu<\/li>\n<li>Reguluje r\u016fst kost\u00ed<\/li>\n<li>Zlep\u0161uje reproduk\u010dn\u00ed ukazatele<\/li>\n<li>Chr\u00e1n\u00ed jatern\u00ed parenchym<\/li>\n<li>Pro zv\u00fd\u0161en\u00ed \u017eivotaschopnosti ml\u00e1\u010fat<\/li>\n<li>Napom\u00e1h\u00e1 vyrovn\u00e1n\u00ed se stresem<\/li>\n<li>Podpora \u0159e\u0161en\u00ed n\u00e1hl\u00e9ho poklesu sn\u00e1\u0161ky, sn\u00ed\u017een\u00e9 oplozenosti a l\u00edhnivosti n\u00e1sadov\u00fdch vajec<\/li>\n<\/ul>\n<p><strong>Probl\u00e9m:<\/strong><\/p>\n<p>P\u0159i nedostatku vitaminu A doch\u00e1z\u00ed k omezen\u00ed sekrece ochrann\u00e9ho hlenu v d\u00fdchac\u00edch cest\u00e1ch a st\u0159evech, co\u017e zvy\u0161uje n\u00e1chylnost k z\u00e1n\u011btu plic a st\u0159ev a k poru\u0161e funkce epitelov\u00fdch bun\u011bk\u00a0sliznic, \u017el\u00e1z a k\u016f\u017ee s projevy poruch, je\u017e odpov\u00eddaj\u00ed funkci p\u0159\u00edslu\u0161n\u00fdch org\u00e1n\u016f.<\/p>\n<p>P\u0159i nedostatku vitaminu D doch\u00e1z\u00ed ke sn\u00ed\u017een\u00ed \u00farovn\u011b\u00a0ukl\u00e1d\u00e1n\u00ed miner\u00e1ln\u00edch l\u00e1tek nebo\u00a0k demineralizaci kost\u00ed. U dr\u016fbe\u017ee\u00a0zp\u016fsobuje nedostatek vitaminu D\u00a0\u0161patnou kvalitu sko\u0159\u00e1pek.<\/p>\n<p>P\u0159i nedostatku\u00a0vitaminu E doch\u00e1z\u00ed vlivem zv\u00fd\u0161en\u00e9\u00a0tvorby toxick\u00fdch peroxid\u016f k destrukci\u00a0bun\u011b\u010dn\u00fdch membr\u00e1n, co\u017e m\u00e1 za\u00a0n\u00e1sledek degeneraci zejm\u00e9na kostern\u00ed\u00a0a srde\u010dn\u00ed svaloviny, jater, mozku a c\u00e9v.\u00a0Nedostate\u010dn\u00e9 hladiny t\u011bchto vitamin\u016f\u00a0sni\u017euj\u00ed u\u017eitkovost zv\u00ed\u0159at.<\/p>\n<p><strong>\u0158e\u0161en\u00ed:<\/strong><\/p>\n<p>Kombisol AD3E je ur\u010den pro v\u0161echny druhy hospod\u00e1\u0159sk\u00fdch zv\u00ed\u0159at se zv\u00fd\u0161enou pot\u0159ebou vitaminu A, D3 a E. Navy\u0161uje p\u0159\u00edjem krmiva, podporuje reprodukci a \u017eivotaschopnost ml\u00e1\u010fat, pou\u017e\u00edv\u00e1 se p\u0159i n\u00e1hl\u00e9m poklesu sn\u00e1\u0161ky, oplozenosti a l\u00edhnivosti. D\u00e1le eliminuje \u00fa\u010dinky (nejen) transportn\u00edho stresu.<\/p>\n<p><strong>Zp\u016fsob aplikace a d\u00e1vkov\u00e1n\u00ed:<\/strong><\/p>\n<p>Kombisol AD3E se p\u0159id\u00e1v\u00e1 do pitn\u00e9 vody nebo ml\u00e9ka preventivn\u011b v doporu\u010den\u00e9 d\u00e1vce po dobu 5 \u2013 10 dn\u016f. Roztok je nutno p\u0159ipravovat denn\u011b \u010derstv\u00fd, chr\u00e1nit p\u0159ed p\u0159\u00edm\u00fdm slune\u010dn\u00edm sv\u011btlem a co nejrychleji spot\u0159ebovat. Nepod\u00e1vat ne\u0159ed\u011bn\u00fd p\u0159\u00edpravek!<\/p>\n<p><strong>D\u00e1vkov\u00e1n\u00ed:<\/strong><\/p>\n<table border=\"1\" cellspacing=\"1\" cellpadding=\"1\">\n<tbody>\n<tr>\n<td colspan=\"4\"><strong>DR\u016eBE\u017d<\/strong><\/td>\n<\/tr>\n<tr>\n<td>80 \u2013 100 ml \/ 1000 l pitn\u00e9 vody<\/td>\n<td>ml\/1000 ks<\/td>\n<td>ml\/10 kg \u017e. hm.<\/td>\n<td>ml\/100 kg \u017e. hm.<\/td>\n<\/tr>\n<tr>\n<td>mlad\u00e1 dr\u016fbe\u017e do 3 t\u00fddn\u016f st\u00e1\u0159\u00ed<\/td>\n<td>2 &#8211; 12<\/td>\n<td>0,06 &#8211; 0,12<\/td>\n<td>0,6 &#8211; 1,2<\/td>\n<\/tr>\n<tr>\n<td>v\u00fdkrm a odchov dr\u016fbe\u017ee nad 3 t\u00fddny st\u00e1\u0159\u00ed<\/td>\n<td>10 &#8211; 20<\/td>\n<td>0,1<\/td>\n<td>1<\/td>\n<\/tr>\n<tr>\n<td>dosp\u011bl\u00e1 hrabav\u00e1 dr\u016fbe\u017e<\/p>\n<p>(slepice, ba\u017eant, perli\u010dka, k\u0159epelka, koroptev, aj.)<\/td>\n<td>18 &#8211; 20<\/td>\n<td>0,1<\/td>\n<td>1<\/td>\n<\/tr>\n<tr>\n<td>kr\u016fta<\/td>\n<td>20 &#8211; 40<\/td>\n<td>0,05<\/td>\n<td>0,5<\/td>\n<\/tr>\n<tr>\n<td>dosp\u011bl\u00e1 vodn\u00ed dr\u016fbe\u017e\u00a0(husy, kachny)<\/td>\n<td>20<\/td>\n<td>0,05<\/td>\n<td>\u00a00,5<\/td>\n<\/tr>\n<\/tbody>\n<\/table>\n<p>&nbsp;<\/p>\n<table border=\"1\" cellspacing=\"1\" cellpadding=\"1\">\n<tbody>\n<tr>\n<td colspan=\"4\"><strong>SAVCI<\/strong><\/td>\n<\/tr>\n<tr>\n<td><\/td>\n<td>ml\/ ks<\/td>\n<td>ml\/10 kg \u017e. hm.<\/td>\n<td>ml\/100 kg \u017e. hm.<\/td>\n<\/tr>\n<tr>\n<td>sele, jehn\u011b, k\u016fzle (5 kg)<\/td>\n<td>0,025<\/td>\n<td>0,05<\/td>\n<td>0,5<\/td>\n<\/tr>\n<tr>\n<td>tele, h\u0159\u00edb\u011b (150 kg)<\/td>\n<td>0,6<\/td>\n<td>0,04<\/td>\n<td>0,4<\/td>\n<\/tr>\n<tr>\n<td>prase (80 kg)<\/td>\n<td>0,25<\/td>\n<td>0,03<\/td>\n<td>0,3<\/td>\n<\/tr>\n<tr>\n<td>k\u016f\u0148 (500 kg)<\/td>\n<td>1<\/td>\n<td>0,02<\/td>\n<td>0,2<\/td>\n<\/tr>\n<tr>\n<td>kr\u00e1l\u00edk, nutrie (4 kg)<\/td>\n<td><\/td>\n<td>0,03<\/td>\n<td>0,3<\/td>\n<\/tr>\n<tr>\n<td>pes, ko\u010dka (5 kg)<\/td>\n<td><\/td>\n<td>0,03<\/td>\n<td>0,3<\/td>\n<\/tr>\n<tr>\n<td>mor\u010de, drobn\u00ed hlodavci\u00a0(0,5 kg)<\/td>\n<td><\/td>\n<td><\/td>\n<td>0,3<\/td>\n<\/tr>\n<\/tbody>\n<\/table>\n<p><strong>Slo\u017een\u00ed v 1 ml:<\/strong><\/p>\n<p>Vitamin A 50 000 m.j.,\u00a0vitamin D3 10 000 m.j.,\u00a0vitamin E 100 mg.<\/p>\n<p><strong>Balen\u00ed:<\/strong><\/p>\n<p>30 ml, 250 ml, 1 000 ml &#8211; plastov\u00e9 l\u00e1hve.<\/p>\n<p><strong>Doba pou\u017eitelnosti:<\/strong><\/p>\n<p>18 m\u011bs\u00edc\u016f od data v\u00fdroby.<\/p>\n","protected":false},"excerpt":{"rendered":"<p><strong>Tekut\u00fd koncentr\u00e1t\u00a0 vitamin\u016f A, D3 a E<\/strong><\/p>\n<p>Sou\u010dinnost vitamin\u016f A, D3 a E<\/p>\n<ul>\n<li>Ochra\u0148uje epitelov\u00e9 bu\u0148ky zejm\u00e9na v tr\u00e1vic\u00edm traktu<\/li>\n<li>Podporuje tvorbu zrakov\u00e9ho pigmentu<\/li>\n<li>Kontroluje hladinu v\u00e1pn\u00edku v organismu<\/li>\n<li>Reguluje r\u016fst kost\u00ed<\/li>\n<li>Zlep\u0161uje reproduk\u010dn\u00ed ukazatele<\/li>\n<li>Chr\u00e1n\u00ed jatern\u00ed parenchym<\/li>\n<li>Pro zv\u00fd\u0161en\u00ed \u017eivotaschopnosti ml\u00e1\u010fat<\/li>\n<li>Napom\u00e1h\u00e1 vyrovn\u00e1n\u00ed se stresem<\/li>\n<li>Podpora \u0159e\u0161en\u00ed n\u00e1hl\u00e9ho poklesu sn\u00e1\u0161ky, sn\u00ed\u017een\u00e9 oplozenosti a l\u00edhnivosti n\u00e1sadov\u00fdch vajec<\/li>\n<\/ul>\n<ul>\n<li>Chr\u00e1n\u00ed jatern\u00ed parenchym<\/li>\n<\/ul>\n","protected":false},"featured_media":733,"comment_status":"open","ping_status":"closed","template":"","meta":[],"_links":{"self":[{"href":"https:\/\/www.agrolex.cz\/index.php?rest_route=\/wp\/v2\/product\/728"}],"collection":[{"href":"https:\/\/www.agrolex.cz\/index.php?rest_route=\/wp\/v2\/product"}],"about":[{"href":"https:\/\/www.agrolex.cz\/index.php?rest_route=\/wp\/v2\/types\/product"}],"replies":[{"embeddable":true,"href":"https:\/\/www.agrolex.cz\/index.php?rest_route=%2Fwp%2Fv2%2Fcomments&post=728"}],"wp:featuredmedia":[{"embeddable":true,"href":"https:\/\/www.agrolex.cz\/index.php?rest_route=\/wp\/v2\/media\/733"}],"wp:attachment":[{"href":"https:\/\/www.agrolex.cz\/index.php?rest_route=%2Fwp%2Fv2%2Fmedia&parent=728"}],"curies":[{"name":"wp","href":"https:\/\/api.w.org\/{rel}","templated":true}]}}