{"id":736,"date":"2021-03-18T15:13:12","date_gmt":"2021-03-18T15:13:12","guid":{"rendered":"http:\/\/www.agrolex.cz\/?post_type=product&#038;p=736"},"modified":"2022-04-18T23:20:05","modified_gmt":"2022-04-18T23:20:05","slug":"kombisol-e","status":"publish","type":"product","link":"https:\/\/www.agrolex.cz\/?product=kombisol-e","title":{"rendered":"Kombisol E"},"content":{"rendered":"<p><strong>Tekut\u00fd koncentr\u00e1t\u00a0 vitaminu E<\/strong><\/p>\n<p>Na ochranu jater a podporu plodnosti<\/p>\n<ul>\n<li>Podporuje oxido-reduk\u010dn\u00ed procesy v organismu<\/li>\n<li>Zlep\u0161uje reproduk\u010dn\u00ed ukazatele<\/li>\n<li>Chr\u00e1n\u00ed jatern\u00ed parenchym<\/li>\n<li>Prevence tukov\u00e9 degenerace jater<\/li>\n<li>Prevence poruch plodnosti samc\u016f i samic<\/li>\n<li>L\u00e9\u010dba nutri\u010dn\u00ed svalov\u00e9 dystrofie aj.<\/li>\n<li>Sni\u017euje v\u00fdskyt syndromu n\u00e1hl\u00fdch \u00fahyn\u016f a kardiovaskul\u00e1rn\u00edch poruch<\/li>\n<li>Zvy\u0161uje imunitn\u00ed odpov\u011b\u010f na adaptaci a stres<\/li>\n<\/ul>\n<p><strong>Probl\u00e9m:<\/strong><\/p>\n<p>Vitamin E se \u0159ad\u00ed mezi nej\u00fa\u010dinn\u011bj\u0161\u00ed\u00a0antioxidanty, kter\u00e9 chr\u00e1n\u00ed organismus\u00a0p\u0159ed nep\u0159\u00edzniv\u00fdm vlivem voln\u00fdch\u00a0radik\u00e1l\u016f. P\u0159i nedostatku vitaminu E\u00a0doch\u00e1z\u00ed vlivem zv\u00fd\u0161en\u00e9 tvorby toxick\u00fdch\u00a0peroxid\u016f k destrukci bun\u011b\u010dn\u00fdch\u00a0membr\u00e1n, co\u017e m\u00e1 za n\u00e1sledek\u00a0degeneraci zejm\u00e9na kostern\u00ed a srde\u010dn\u00ed\u00a0svaloviny, jater, mozku a c\u00e9v. U selat,\u00a0telat a jeh\u0148at tak mluv\u00edme o nutri\u010dn\u00ed\u00a0svalov\u00e9 dystrofii, kter\u00e1 se projevuje r\u016fzn\u011b\u00a0velk\u00fdmi lo\u017eisky sv\u011btl\u00e9 a\u017e b\u00edl\u00e9 barvy ve\u00a0svalech. U dr\u016fbe\u017ee nedostatek vitaminu\u00a0E zp\u016fsobuje nutri\u010dn\u00ed onemocn\u011bn\u00ed zvan\u00e9\u00a0encefalomal\u00e1cie (nekrotick\u00e9 po\u0161kozen\u00ed\u00a0mozku) a exudativn\u00ed diat\u00e9zu (zv\u00fd\u0161en\u00e1\u00a0propustnost krevn\u00edch kapil\u00e1r).<\/p>\n<p><strong>\u0158e\u0161en\u00ed:<\/strong><\/p>\n<p>Kombisol E je ur\u010den pro v\u0161echny druhy hospod\u00e1\u0159sk\u00fdch zv\u00ed\u0159at se zv\u00fd\u0161enou pot\u0159ebou vitaminu E. Je vhodn\u00fd jako prevence tukov\u00e9 degenerace jater, p\u0159i poruch\u00e1ch plodnosti samc\u016f i samic, nutri\u010dn\u00ed encefalomalacii, svalov\u00e9 dystrofii, ed\u00e9mov\u00e9 chorob\u011b a exudativn\u00ed diat\u00e9ze dr\u016fbe\u017ee. Sni\u017euje v\u00fdskyt n\u00e1hl\u00fdch \u00fahyn\u016f nebo n\u011bkter\u00fdch kardiovaskul\u00e1rn\u00edch a endokrinn\u00edch poruch. Zvy\u0161uje imunitn\u00ed odpov\u011b\u010f a adaptaci na stres.<\/p>\n<p><strong>Zp\u016fsob aplikace a d\u00e1vkov\u00e1n\u00ed:<\/strong><\/p>\n<p>Kombisol E se p\u0159id\u00e1v\u00e1 do pitn\u00e9 vody nebo ml\u00e9ka zpravidla po dobu 5 \u2013 10 dn\u016f. Aplikaci lze opakovat po 3 \u2013 4 t\u00fddnech. Roztok je nutno p\u0159ipravovat denn\u011b \u010derstv\u00fd, chr\u00e1nit p\u0159ed p\u0159\u00edm\u00fdm slune\u010dn\u00edm sv\u011btlem a co nejrychleji spot\u0159ebovat. Nepod\u00e1vat ne\u0159ed\u011bn\u00fd p\u0159\u00edpravek!<\/p>\n<p><strong>D\u00e1vkov\u00e1n\u00ed:<\/strong><\/p>\n<table border=\"1\" cellspacing=\"1\" cellpadding=\"1\">\n<tbody>\n<tr>\n<td colspan=\"4\"><strong>DR\u016eBE\u017d<\/strong><\/td>\n<\/tr>\n<tr>\n<td>200 \u2013 300 ml \/ 1000 l pitn\u00e9 vody<\/td>\n<td>ml\/1000 ks<\/td>\n<td>ml\/10 kg \u017e. hm.<\/td>\n<td>ml\/100 kg \u017e. hm.<\/td>\n<\/tr>\n<tr>\n<td>mlad\u00e1 dr\u016fbe\u017e do 3 t\u00fddn\u016f st\u00e1\u0159\u00ed<\/td>\n<td>10 &#8211; 30<\/td>\n<td>0,3<\/td>\n<td>3<\/td>\n<\/tr>\n<tr>\n<td>v\u00fdkrm a odchov dr\u016fbe\u017ee nad 3 t\u00fddny st\u00e1\u0159\u00ed<\/td>\n<td>30 &#8211; 60<\/td>\n<td>0,2 &#8211; 0,3<\/td>\n<td>2 &#8211; 3<\/td>\n<\/tr>\n<tr>\n<td>dosp\u011bl\u00e1 hrabav\u00e1 dr\u016fbe\u017e<\/p>\n<p>(slepice, ba\u017eant, perli\u010dka, k\u0159epelka, koroptev, aj.)<\/td>\n<td>50<\/td>\n<td>\u00a00,25<\/td>\n<td>2,5<\/td>\n<\/tr>\n<tr>\n<td>kr\u016fta<\/td>\n<td>100<\/td>\n<td>0,2<\/td>\n<td>2<\/td>\n<\/tr>\n<tr>\n<td>dosp\u011bl\u00e1 vodn\u00ed dr\u016fbe\u017e\u00a0(husy, kachny)<\/td>\n<td>60<\/td>\n<td>0,2<\/td>\n<td>2<\/td>\n<\/tr>\n<\/tbody>\n<\/table>\n<p>&nbsp;<\/p>\n<table border=\"1\" cellspacing=\"1\" cellpadding=\"1\">\n<tbody>\n<tr>\n<td colspan=\"4\"><strong>SAVCI<\/strong><\/td>\n<\/tr>\n<tr>\n<td><\/td>\n<td>ml\/ ks<\/td>\n<td>ml\/10 kg \u017e. hm.<\/td>\n<td>ml\/100 kg \u017e. hm.<\/td>\n<\/tr>\n<tr>\n<td>sele, jehn\u011b, k\u016fzle (5 kg)<\/td>\n<td>0,1<\/td>\n<td>0,2<\/td>\n<td>2<\/td>\n<\/tr>\n<tr>\n<td>tele, h\u0159\u00edb\u011b (150 kg)<\/td>\n<td>1,5<\/td>\n<td>0,1<\/td>\n<td>1<\/td>\n<\/tr>\n<tr>\n<td>prase (80 kg)<\/td>\n<td>0,4<\/td>\n<td>0,05<\/td>\n<td>0,5<\/td>\n<\/tr>\n<tr>\n<td>k\u016f\u0148 (500 kg)<\/td>\n<td>2<\/td>\n<td>0,04<\/td>\n<td>0,4<\/td>\n<\/tr>\n<tr>\n<td>kr\u00e1l\u00edk, nutrie (4 kg)<\/td>\n<td>\u00a00,1<\/td>\n<td>0,2<\/td>\n<td>2<\/td>\n<\/tr>\n<tr>\n<td>pes, ko\u010dka (5 kg)<\/td>\n<td>0,2<\/td>\n<td>0,4<\/td>\n<td>4<\/td>\n<\/tr>\n<tr>\n<td>mor\u010de, drobn\u00ed hlodavci\u00a0(0,5 kg)<\/td>\n<td><\/td>\n<td>0,2<\/td>\n<td>2<\/td>\n<\/tr>\n<\/tbody>\n<\/table>\n<p><strong>Slo\u017een\u00ed v 1 ml:<\/strong><\/p>\n<p>Vitamin E 200 mg.<\/p>\n<p><strong>Balen\u00ed:<\/strong><\/p>\n<p>30 ml, 1000 ml<\/p>\n<p><strong>Doba pou\u017eitelnosti:<\/strong><\/p>\n<p>18 m\u011bs\u00edc\u016f od data v\u00fdroby.<\/p>\n","protected":false},"excerpt":{"rendered":"<p><strong>Tekut\u00fd koncentr\u00e1t\u00a0 vitaminu E<\/strong><\/p>\n<p>Na ochranu jater a podporu plodnosti<\/p>\n<ul>\n<li>Podporuje oxido-reduk\u010dn\u00ed procesy v organismu<\/li>\n<li>Zlep\u0161uje reproduk\u010dn\u00ed ukazatele<\/li>\n<li>Chr\u00e1n\u00ed jatern\u00ed parenchym<\/li>\n<li>Prevence tukov\u00e9 degenerace jater<\/li>\n<li>Prevence poruch plodnosti samc\u016f i samic<\/li>\n<li>L\u00e9\u010dba nutri\u010dn\u00ed svalov\u00e9 dystrofie aj.<\/li>\n<li>Sni\u017euje v\u00fdskyt syndromu n\u00e1hl\u00fdch \u00fahyn\u016f a kardiovaskul\u00e1rn\u00edch poruch<\/li>\n<li>Zvy\u0161uje imunitn\u00ed odpov\u011b\u010f na adaptaci a stres<\/li>\n<\/ul>\n","protected":false},"featured_media":740,"comment_status":"open","ping_status":"closed","template":"","meta":[],"_links":{"self":[{"href":"https:\/\/www.agrolex.cz\/index.php?rest_route=\/wp\/v2\/product\/736"}],"collection":[{"href":"https:\/\/www.agrolex.cz\/index.php?rest_route=\/wp\/v2\/product"}],"about":[{"href":"https:\/\/www.agrolex.cz\/index.php?rest_route=\/wp\/v2\/types\/product"}],"replies":[{"embeddable":true,"href":"https:\/\/www.agrolex.cz\/index.php?rest_route=%2Fwp%2Fv2%2Fcomments&post=736"}],"wp:featuredmedia":[{"embeddable":true,"href":"https:\/\/www.agrolex.cz\/index.php?rest_route=\/wp\/v2\/media\/740"}],"wp:attachment":[{"href":"https:\/\/www.agrolex.cz\/index.php?rest_route=%2Fwp%2Fv2%2Fmedia&parent=736"}],"curies":[{"name":"wp","href":"https:\/\/api.w.org\/{rel}","templated":true}]}}