{"id":745,"date":"2021-03-18T15:39:54","date_gmt":"2021-03-18T15:39:54","guid":{"rendered":"http:\/\/www.agrolex.cz\/?post_type=product&#038;p=745"},"modified":"2022-07-28T22:36:28","modified_gmt":"2022-07-28T22:36:28","slug":"kombisol-se","status":"publish","type":"product","link":"https:\/\/www.agrolex.cz\/?product=kombisol-se","title":{"rendered":"Kombisol SE"},"content":{"rendered":"<p><strong>Tekut\u00fd koncentr\u00e1t vitaminu E a selenu<\/strong><\/p>\n<p>Pro spr\u00e1vnou funkci sval\u016f<\/p>\n<ul>\n<li>Sni\u017euje v\u00fdskyt degenerace a po\u0161kozen\u00ed nervov\u00e9ho a svalov\u00e9ho syst\u00e9mu<\/li>\n<li>Zvy\u0161uje obranyschopnost organismu, zejm\u00e9na v z\u00e1t\u011b\u017eov\u00fdch situac\u00edch<\/li>\n<li>U v\u00fdkrmov\u00fdch zv\u00ed\u0159at zlep\u0161uje kvalitu masa<\/li>\n<li>Podporuje pohlavn\u00ed aktivitu a reproduk\u010dn\u00ed schopnosti<\/li>\n<li>P\u016fsob\u00ed i proti n\u00e1hl\u00fdm \u00fahyn\u016fm v posledn\u00ed f\u00e1zi v\u00fdkrmu u dr\u016fbe\u017ee a masn\u00fdch prasat<\/li>\n<li>Zvy\u0161uje imunitn\u00ed odpov\u011b\u010f organismu na vakcinaci<\/li>\n<\/ul>\n<p><strong>Probl\u00e9m:<\/strong><\/p>\n<p>V \u010cesk\u00e9 republice je dlouhodob\u011b\u00a0pozorov\u00e1na n\u00edzk\u00e1 hladina selenu\u00a0v krmn\u00fdch surovin\u00e1ch, co\u017e v kombinaci\u00a0s intenzivn\u00edm r\u016fstem nebo vysokou\u00a0u\u017eitkovost\u00ed zvy\u0161uje n\u00e1roky na jeho\u00a0dopln\u011bn\u00ed do krmn\u00e9 d\u00e1vky spolu\u00a0s vitaminem E.<\/p>\n<p><strong>\u0158e\u0161en\u00ed:<\/strong><\/p>\n<p>Kombisol SE je ur\u010den pro v\u0161echny druhy hospod\u00e1\u0159sk\u00fdch zv\u00ed\u0159at se zv\u00fd\u0161enou pot\u0159ebou vitaminu E a selenu. Zvy\u0161uje obranyschopnost organismu zejm\u00e9na v z\u00e1t\u011b\u017eov\u00fdch situac\u00edch (oxida\u010dn\u00ed, teplotn\u00ed, transportn\u00ed stres), sni\u017euje v\u00fdskyt degenerace a po\u0161kozen\u00ed nervov\u00e9ho a svalov\u00e9ho syst\u00e9mu, podporuje pohlavn\u00ed aktivitu a reproduk\u010dn\u00ed schopnosti. U v\u00fdkrmov\u00fdch zv\u00ed\u0159at zlep\u0161uje kvalitu masa, p\u016fsob\u00ed i proti n\u00e1hl\u00fdm \u00fahyn\u016fm v posledn\u00ed f\u00e1zi v\u00fdkrmu. Rovn\u011b\u017e pozitivn\u011b p\u016fsob\u00ed na imunitn\u00ed odpov\u011b\u010f organismu na vakcinaci.<\/p>\n<p><strong>Zp\u016fsob aplikace a d\u00e1vkov\u00e1n\u00ed:<\/strong><\/p>\n<p>Kombisol SE se pod\u00e1v\u00e1 zv\u00ed\u0159at\u016fm\u00a0\u0159\u00e1dn\u011b roz\u0159ed\u011bn\u00fd v pitn\u00e9 vod\u011b nebo\u00a0ml\u00e9ce. Preventivn\u011b po dobu 3 \u2013 7 dn\u016f\u00a0v uveden\u00fdch d\u00e1vk\u00e1ch.\u00a0Aplikaci lze opakovat po 8 t\u00fddnech.\u00a0Roztok je nutno p\u0159ipravovat denn\u011b\u00a0\u010derstv\u00fd, chr\u00e1nit p\u0159ed p\u0159\u00edm\u00fdm slune\u010dn\u00edm\u00a0sv\u011btlem a co nejrychleji spot\u0159ebovat. Nepod\u00e1vat ne\u0159ed\u011bn\u00fd p\u0159\u00edpravek!<\/p>\n<p><strong>D\u00e1vkov\u00e1n\u00ed:<\/strong><\/p>\n<table border=\"1\" cellspacing=\"1\" cellpadding=\"1\">\n<tbody>\n<tr>\n<td colspan=\"4\"><strong>DR\u016eBE\u017d<\/strong><\/td>\n<\/tr>\n<tr>\n<td>200 \u2013 300 ml \/ 1000 l pitn\u00e9 vody<\/td>\n<td>ml\/1000 ks<\/td>\n<td>ml\/10 kg \u017e. hm.<\/td>\n<td>ml\/100 kg \u017e. hm.<\/td>\n<\/tr>\n<tr>\n<td>mlad\u00e1 dr\u016fbe\u017e do 3 t\u00fddn\u016f st\u00e1\u0159\u00ed<\/td>\n<td>10 &#8211; 30<\/td>\n<td>0,3<\/td>\n<td>3<\/td>\n<\/tr>\n<tr>\n<td>v\u00fdkrm a odchov dr\u016fbe\u017ee nad 3 t\u00fddny st\u00e1\u0159\u00ed<\/td>\n<td>30 &#8211; 60<\/td>\n<td>0,2 &#8211; 0,3<\/td>\n<td>2 &#8211; 3<\/td>\n<\/tr>\n<tr>\n<td>dosp\u011bl\u00e1 hrabav\u00e1 dr\u016fbe\u017e<\/p>\n<p>(slepice, ba\u017eant, perli\u010dka, k\u0159epelka, koroptev, aj.)<\/td>\n<td>50<\/td>\n<td>0,25<\/td>\n<td>2,5<\/td>\n<\/tr>\n<tr>\n<td>kr\u016fta<\/td>\n<td>100<\/td>\n<td>0,2<\/td>\n<td>2<\/td>\n<\/tr>\n<tr>\n<td>dosp\u011bl\u00e1 vodn\u00ed dr\u016fbe\u017e\u00a0(husy, kachny)<\/td>\n<td>60<\/td>\n<td>0,2<\/td>\n<td>2<\/td>\n<\/tr>\n<\/tbody>\n<\/table>\n<p>&nbsp;<\/p>\n<table border=\"1\" cellspacing=\"1\" cellpadding=\"1\">\n<tbody>\n<tr>\n<td colspan=\"4\"><strong>SAVCI<\/strong><\/td>\n<\/tr>\n<tr>\n<td><\/td>\n<td>ml\/ ks<\/td>\n<td>ml\/10 kg \u017e. hm.<\/td>\n<td>ml\/100 kg \u017e. hm.<\/td>\n<\/tr>\n<tr>\n<td>sele, jehn\u011b, k\u016fzle (5 kg)<\/td>\n<td>0,1<\/td>\n<td>0,2<\/td>\n<td>2<\/td>\n<\/tr>\n<tr>\n<td>tele, h\u0159\u00edb\u011b (150 kg)<\/td>\n<td>1,5<\/td>\n<td>0,1<\/td>\n<td>1<\/td>\n<\/tr>\n<tr>\n<td>prase (80 kg)<\/td>\n<td>0,4<\/td>\n<td>0,05<\/td>\n<td>0,5<\/td>\n<\/tr>\n<tr>\n<td>k\u016f\u0148 (500 kg)<\/td>\n<td>2<\/td>\n<td>0,04<\/td>\n<td>0,4<\/td>\n<\/tr>\n<tr>\n<td>kr\u00e1l\u00edk, nutrie (4 kg)<\/td>\n<td>\u00a00,1<\/td>\n<td>0,2<\/td>\n<td>2<\/td>\n<\/tr>\n<tr>\n<td>pes, ko\u010dka (5 kg)<\/td>\n<td>\u00a00,2<\/td>\n<td>0,4<\/td>\n<td>4<\/td>\n<\/tr>\n<tr>\n<td>mor\u010de, drobn\u00ed hlodavci\u00a0(0,5 kg)<\/td>\n<td><\/td>\n<td>\u00a00,2<\/td>\n<td>2<\/td>\n<\/tr>\n<\/tbody>\n<\/table>\n<p><strong>Slo\u017een\u00ed v 1 ml:<\/strong><\/p>\n<p>Vitamin E 200 mg, selen 0,2 mgg<\/p>\n<p><strong>Balen\u00ed:<\/strong><\/p>\n<p>30 ml, 250 ml, 1 000 ml, 5 000 ml &#8211; plastov\u00e9 l\u00e1hve, kanystr.<\/p>\n<p><strong>Doba pou\u017eitelnosti:<\/strong><\/p>\n<p>24 m\u011bs\u00edc\u016f od data v\u00fdroby.<\/p>\n","protected":false},"excerpt":{"rendered":"<p><strong>Tekut\u00fd koncentr\u00e1t vitaminu E a selenu<\/strong><\/p>\n<p>Pro spr\u00e1vnou funkci sval\u016f<\/p>\n<ul>\n<li>Sni\u017euje v\u00fdskyt degenerace a po\u0161kozen\u00ed nervov\u00e9ho a svalov\u00e9ho syst\u00e9mu<\/li>\n<li>Zvy\u0161uje obranyschopnost organismu, zejm\u00e9na v z\u00e1t\u011b\u017eov\u00fdch situac\u00edch<\/li>\n<li>U v\u00fdkrmov\u00fdch zv\u00ed\u0159at zlep\u0161uje kvalitu masa<\/li>\n<li>Podporuje pohlavn\u00ed aktivitu a reproduk\u010dn\u00ed schopnosti<\/li>\n<li>P\u016fsob\u00ed i proti n\u00e1hl\u00fdm \u00fahyn\u016fm v posledn\u00ed f\u00e1zi v\u00fdkrmu u dr\u016fbe\u017ee a masn\u00fdch prasat<\/li>\n<li>Zvy\u0161uje imunitn\u00ed odpov\u011b\u010f organismu na vakcinaci<\/li>\n<\/ul>\n","protected":false},"featured_media":750,"comment_status":"open","ping_status":"closed","template":"","meta":[],"_links":{"self":[{"href":"https:\/\/www.agrolex.cz\/index.php?rest_route=\/wp\/v2\/product\/745"}],"collection":[{"href":"https:\/\/www.agrolex.cz\/index.php?rest_route=\/wp\/v2\/product"}],"about":[{"href":"https:\/\/www.agrolex.cz\/index.php?rest_route=\/wp\/v2\/types\/product"}],"replies":[{"embeddable":true,"href":"https:\/\/www.agrolex.cz\/index.php?rest_route=%2Fwp%2Fv2%2Fcomments&post=745"}],"wp:featuredmedia":[{"embeddable":true,"href":"https:\/\/www.agrolex.cz\/index.php?rest_route=\/wp\/v2\/media\/750"}],"wp:attachment":[{"href":"https:\/\/www.agrolex.cz\/index.php?rest_route=%2Fwp%2Fv2%2Fmedia&parent=745"}],"curies":[{"name":"wp","href":"https:\/\/api.w.org\/{rel}","templated":true}]}}