{"id":763,"date":"2021-03-24T22:17:49","date_gmt":"2021-03-24T22:17:49","guid":{"rendered":"http:\/\/www.agrolex.cz\/?post_type=product&#038;p=763"},"modified":"2022-07-28T22:23:47","modified_gmt":"2022-07-28T22:23:47","slug":"len-extrudovany","status":"publish","type":"product","link":"https:\/\/www.agrolex.cz\/?product=len-extrudovany","title":{"rendered":"Len extrudovan\u00fd s vl\u00e1kninou"},"content":{"rendered":"<p><strong>Tepeln\u011b upraven\u00e1 olejnina &#8211; ln\u011bn\u00fd extrud\u00e1t s vl\u00e1kninou<\/strong><\/p>\n<ul>\n<li>Kvalitn\u00ed a energetick\u00e9 krmivo s vysok\u00fdm obsahem tuku<\/li>\n<li>Vysok\u00fd pod\u00edl Omega-3 mastn\u00fdch kyselin a b\u00edlkovin<\/li>\n<li>Dopln\u011bk krmn\u00e9 d\u00e1vky pro kon\u011b<\/li>\n<li>Obiln\u00e9 otruby p\u016fsob\u00ed dieteticky a p\u0159\u00edzniv\u011b na \u010dinnost tr\u00e1vic\u00edho traktu<\/li>\n<li>Ln\u011bn\u00e9 sem\u00ednko chr\u00e1n\u00ed p\u0159ed laminitidou u kon\u00ed<\/li>\n<li>Zlep\u0161uje \u010dinnost srdce a c\u00e9v<\/li>\n<li>M\u00e1 pozitivn\u00ed vliv na k\u016f\u017ei a srst<\/li>\n<li>Vhodn\u00fd v obdob\u00ed v\u00fdm\u011bny srsti, l\u00edn\u00e1n\u00ed (jaro, podzim)<\/li>\n<li>Extruze zvy\u0161uje stravitelnost<\/li>\n<li>Extrudovan\u00e1 sm\u011bs semen lnu s p\u0161eni\u010dn\u00fdmi otrubami<\/li>\n<\/ul>\n<p><strong>D\u00e1vkov\u00e1n\u00ed:<\/strong><\/p>\n<p>Pro kon\u011b 100 &#8211; 200 g na den a 500 kg \u017e.hm., bez dal\u0161\u00edch \u00faprav, sta\u010d\u00ed pouze nasypat do krmen\u00ed<\/p>\n<p><strong>Skladov\u00e1n\u00ed:<\/strong><\/p>\n<p>v suchu, chladu a temnu<\/p>\n<p><strong>Balen\u00ed:<\/strong><\/p>\n<p>5 kg, 10 kg<\/p>\n","protected":false},"excerpt":{"rendered":"<p><strong>Tepeln\u011b upraven\u00e1 olejnina &#8211; ln\u011bn\u00fd extrud\u00e1t s vl\u00e1kninou<\/strong><\/p>\n<ul>\n<li>Vysok\u00fd pod\u00edl Omega-3 mastn\u00fdch kyselin a b\u00edlkovin<\/li>\n<li>Dopln\u011bk krmn\u00e9 d\u00e1vky pro kon\u011b<\/li>\n<li>Zlep\u0161uje \u010dinnost srdce a c\u00e9v<\/li>\n<li>M\u00e1 pozitivn\u00ed vliv na k\u016f\u017ei a srst<\/li>\n<li>Vhodn\u00fd v obdob\u00ed v\u00fdm\u011bny srsti, l\u00edn\u00e1n\u00ed (jaro, podzim)<\/li>\n<li>Extruze zvy\u0161uje stravitelnost<\/li>\n<\/ul>\n","protected":false},"featured_media":838,"comment_status":"open","ping_status":"closed","template":"","meta":[],"_links":{"self":[{"href":"https:\/\/www.agrolex.cz\/index.php?rest_route=\/wp\/v2\/product\/763"}],"collection":[{"href":"https:\/\/www.agrolex.cz\/index.php?rest_route=\/wp\/v2\/product"}],"about":[{"href":"https:\/\/www.agrolex.cz\/index.php?rest_route=\/wp\/v2\/types\/product"}],"replies":[{"embeddable":true,"href":"https:\/\/www.agrolex.cz\/index.php?rest_route=%2Fwp%2Fv2%2Fcomments&post=763"}],"wp:featuredmedia":[{"embeddable":true,"href":"https:\/\/www.agrolex.cz\/index.php?rest_route=\/wp\/v2\/media\/838"}],"wp:attachment":[{"href":"https:\/\/www.agrolex.cz\/index.php?rest_route=%2Fwp%2Fv2%2Fmedia&parent=763"}],"curies":[{"name":"wp","href":"https:\/\/api.w.org\/{rel}","templated":true}]}}