{"id":771,"date":"2021-03-24T22:49:42","date_gmt":"2021-03-24T22:49:42","guid":{"rendered":"http:\/\/www.agrolex.cz\/?post_type=product&#038;p=771"},"modified":"2025-06-09T22:07:12","modified_gmt":"2025-06-09T22:07:12","slug":"nutrican-sausage-kure-a-hovezi-salam","status":"publish","type":"product","link":"https:\/\/www.agrolex.cz\/?product=nutrican-sausage-kure-a-hovezi-salam","title":{"rendered":"NutriCan Sausage ku\u0159e a hov\u011bz\u00ed &#8211; sal\u00e1m"},"content":{"rendered":"<p><strong>Nutrican Sausage ku\u0159e &amp; hov\u011bz\u00ed, obohaceno o mo\u0159skou \u0159asu a rozmar\u00fdn<\/strong><br \/>\nKompletn\u00ed krmivo pro dosp\u011bl\u00e9 psy.<\/p>\n<p><strong>Slo\u017een\u00ed:<\/strong>\u00a0ku\u0159ec\u00ed maso a vnit\u0159nosti (60%), hov\u011bz\u00ed (14%), hrachov\u00fd \u0161krob (2,9%), su\u0161en\u00e1 \u0159asa\u00a0<em>Ascophyllum nodosum<\/em>\u00a0(1%), sle\u010fov\u00fd olej (1%), lignocelul\u00f3za (1%), su\u0161en\u00e1 rozmar\u00fdna (0,1%).<\/p>\n<p><strong>Analytick\u00e9 slo\u017eky<\/strong>: hrub\u00fd protein 11%, hrub\u00fd tuk 13%, hrub\u00fd popel 4%, vlhkost 70%, hrub\u00e1 vl\u00e1knina 1%, kalcium 0,5%, fosfor 0,3%, sod\u00edk 0,2%.<\/p>\n<p><strong>Nutri\u010dn\u00ed aditiva v 1 kg<\/strong>: vitamin D3 (3a671) 200 mg, vitamin E (3a700) 100 mg, biotin (3a880) 0,3 mg, zinek (3b606) 8 mg, \u017eelezo (3b106) 6 mg, mangan (3b504) 1,5 mg, jodid draseln\u00fd (3b201) 0,4 mg, m\u011b\u010f (3b406) 0,3 mg.<\/p>\n<p><strong>Technologick\u00e1 aditiva v 1 kg:<\/strong>\u00a0karobin (E410) 6 000 mg. Obsahuje p\u0159\u00edrodn\u00ed antioxidanty schv\u00e1len\u00e9 EU.<\/p>\n<p><strong>Krmn\u00fd n\u00e1vod:\u00a0<\/strong>Dodr\u017eujte d\u00e1vkov\u00e1n\u00ed uveden\u00e9 v krmn\u00e9 tabulce nebo sni\u017ete d\u00e1vku, pokud p\u0159id\u00e1v\u00e1te ke granul\u00edm. V\u017edy zajist\u011bte p\u0159\u00edstup k \u010derstv\u00e9 pitn\u00e9 vod\u011b. Skladujte na chladn\u00e9m a such\u00e9m m\u00edst\u011b, nevystavujte p\u0159\u00edm\u00e9mu slune\u010dn\u00edmu z\u00e1\u0159en\u00ed. Po otev\u0159en\u00ed uchov\u00e1vejte v\u00a0lednici a spot\u0159ebujte do 3 dn\u016f.<\/p>\n<hr \/>\n<p><strong>Krmn\u00e1 tabulka:<\/strong><\/p>\n<table border=\"1\" cellspacing=\"0\" cellpadding=\"7\">\n<tbody>\n<tr>\n<td><strong>Hmotnost psa (kg):<\/strong><\/td>\n<td>1 &#8211; 10 kg<\/td>\n<td>10 &#8211; 30 kg<\/td>\n<td>30 &#8211; 60 kg<\/td>\n<td>60 &#8211; 90 kg<\/td>\n<\/tr>\n<tr>\n<td><strong>Denn\u00ed d\u00e1vka jako kompletn\u00ed krmivo:<\/strong><\/td>\n<td>100 &#8211; 350 g<\/td>\n<td>350 \u2013 750 g<\/td>\n<td>750 \u2013 1 300 g<\/td>\n<td>1\u00a0300 \u2013 1\u00a0800 g<\/td>\n<\/tr>\n<\/tbody>\n<\/table>\n<p>Metabolizovateln\u00e1 energie: 1,620 kcal\/kg<\/p>\n<p>\u010cist\u00e1 hmotnost: 800g<\/p>\n","protected":false},"excerpt":{"rendered":"<p><strong>Nutrican Sausage ku\u0159e &amp; hov\u011bz\u00ed, obohaceno o mo\u0159skou \u0159asu a rozmar\u00fdn<\/strong><br \/>\nKompletn\u00ed krmivo pro dosp\u011bl\u00e9 psy.<\/p>\n","protected":false},"featured_media":791,"comment_status":"open","ping_status":"closed","template":"","meta":[],"_links":{"self":[{"href":"https:\/\/www.agrolex.cz\/index.php?rest_route=\/wp\/v2\/product\/771"}],"collection":[{"href":"https:\/\/www.agrolex.cz\/index.php?rest_route=\/wp\/v2\/product"}],"about":[{"href":"https:\/\/www.agrolex.cz\/index.php?rest_route=\/wp\/v2\/types\/product"}],"replies":[{"embeddable":true,"href":"https:\/\/www.agrolex.cz\/index.php?rest_route=%2Fwp%2Fv2%2Fcomments&post=771"}],"wp:featuredmedia":[{"embeddable":true,"href":"https:\/\/www.agrolex.cz\/index.php?rest_route=\/wp\/v2\/media\/791"}],"wp:attachment":[{"href":"https:\/\/www.agrolex.cz\/index.php?rest_route=%2Fwp%2Fv2%2Fmedia&parent=771"}],"curies":[{"name":"wp","href":"https:\/\/api.w.org\/{rel}","templated":true}]}}