{"id":793,"date":"2021-04-12T12:34:29","date_gmt":"2021-04-12T12:34:29","guid":{"rendered":"http:\/\/www.agrolex.cz\/?post_type=product&#038;p=793"},"modified":"2025-06-09T21:53:52","modified_gmt":"2025-06-09T21:53:52","slug":"granulovane-krmivo-pro-kone-top","status":"publish","type":"product","link":"https:\/\/www.agrolex.cz\/?product=granulovane-krmivo-pro-kone-top","title":{"rendered":"Granulovan\u00e9 krmivo pro kon\u011b TOP CHOV"},"content":{"rendered":"<div class=\"all\">\n<div class=\"wrapper\">\n<div class=\"page clearfix\">\n<div class=\"container productDetail\">\n<div class=\"grid-line clearfix\">\n<div class=\"grid grid-70\">\n<div class=\"container\">\n<p><strong>Dopl\u0148kov\u00e9 krmivo TOP CHOV bez ovsa pro kon\u011b v obdob\u00ed reprodukce a pro h\u0159\u00edbata<\/strong><\/p>\n<p><strong>vyrobeno podle origin\u00e1ln\u00ed receptury AGROLEX, s.r.o.<\/strong><\/p>\n<p>&nbsp;<\/p>\n<p>Dopl\u0148kov\u00e9 granulovan\u00e9 krmivo TOP CHOV je \u017eivinov\u011b vyv\u00e1\u017een\u00e9, je ur\u010den\u00e9 pro chovn\u00e9 kon\u011b a h\u0159\u00edbata. Spolu s lu\u010dn\u00edm senem a p\u0159\u00eddavkem vlastn\u00edch obilovin (oves, p\u0159\u00edpadn\u011b je\u010dmen) pokr\u00fdv\u00e1 denn\u00ed pot\u0159ebu \u017eivin u chovn\u00fdch kon\u00ed a jejich potomstva. Obsahuje tepeln\u011b opracovan\u00e9 (extrudovan\u00e9) suroviny, plnotu\u010dn\u00e9 tepeln\u011b opracovan\u00e9 sojov\u00e9 boby a vy\u0161\u0161\u00ed obsah lysinu. D\u00e1le obsahuje l\u00e1tky stabilizuj\u00edc\u00ed st\u0159evn\u00ed mikrofl\u00f3ru, m\u00e1 vysok\u00fd obsah kyseliny linolov\u00e9 a nenasycen\u00e9 mastn\u00e9 kyseliny a vy\u0161\u0161\u00ed obsah vitam\u00edn\u016f pro podporu reproduk\u010dn\u00edch funkc\u00ed.<\/p>\n<p>Krmivo TOP CHOV m\u00e1 pozitivn\u00ed \u00fa\u010dinky pro vysoko b\u0159ez\u00ed a koj\u00edc\u00ed klisny s\u00a0h\u0159\u00edbaty. Pozitivn\u011b ovliv\u0148uje v\u00fdvoj plodu, r\u016fst h\u0159\u00edbat a p\u016fsob\u00ed na dobrou kvalitu ejakul\u00e1tu u h\u0159ebc\u016f.<\/p>\n<p>&nbsp;<\/p>\n<p><strong>Slo\u017een\u00ed: <\/strong>je\u010dmen, p\u0161enice, vojt\u011b\u0161kov\u00e9 pelety, sojov\u00e9 boby extrudovan\u00e9, \u017eitn\u00e9 a p\u0161eni\u010dn\u00e9 otruby, kuku\u0159ice, hr\u00e1ch, v\u00e1penec, extrudovan\u00fd len, chlorid sodn\u00fd, p\u0161eni\u010dn\u00e1 krmn\u00e1 mouka, uhli\u010ditan sodn\u00fd, monokalcium-fosf\u00e1t<\/p>\n<p>&nbsp;<\/p>\n<p><strong>Deklarovan\u00e9 jakostn\u00ed znaky v\u00a01 kg: Sek 12MJ\/kg, hrub\u00fd protein 142,5 g, hrub\u00fd popel 61,7 g, hrub\u00e1 vl\u00e1knina 80 g, hrub\u00fd tuk 35 g, v\u00e1pn\u00edk 8,6 g, sod\u00edk 3 g, fosfor celk. 4 g, lysin 9 g, methionin 3,5 g<\/strong><\/p>\n<p>&nbsp;<\/p>\n<p><strong><em>Nutri\u010dn\u00ed dopl\u0148kov\u00e9 l\u00e1tky:<\/em><\/strong><em>\u00a0 3a672a vit. A 12000 m.j., 3a671 Cholekalciferol, vit. D 1600 m.j., 3b502 Oxid manganat\u00fd 80 mg, 3b603 Oxid zine\u010dnat\u00fd 88 mg, 3b103 S\u00edran \u017eeleznat\u00fd mon. 96 mg,\u00a0 3b405 S\u00edran m\u011b\u010f. pent. 16 mg,\u00a0 3b304 Potahovan\u00fd gran. bis (uhl.) kobaltnat\u00fd 0,48 mg, 3b202 Jodidi\u010dnan v\u00e1penat\u00fd bezvod\u00fd 1,6 mg, 3b801 Seleni\u010d. Sodn\u00fd 0,24 mg<\/em><\/p>\n<p>&nbsp;<\/p>\n<p><strong>Doporu\u010den\u00e9 d\u00e1vkov\u00e1n\u00ed:<\/strong><\/p>\n<p><strong>1,0 \u2013 3,5 kg denn\u011b podle fyziologick\u00e9ho a individu\u00e1ln\u00edho stavu chovn\u00fdch kon\u00ed a h\u0159\u00edbat<\/strong><\/p>\n<p>Denn\u00ed d\u00e1vka krmiva pro kon\u011b (500 kg \u017e.hm.):<\/p>\n<p>do 2 kg\u00a0\u00a0\u00a0\u00a0\u00a0\u00a0\u00a0\u00a0\u00a0\u00a0\u00a0 p\u0159ed porodem<\/p>\n<p>2 &#8211; 3,5 kg\u00a0\u00a0\u00a0\u00a0\u00a0\u00a0\u00a0 po porodu a v\u00a01. f\u00e1zi laktace a h\u0159ebc\u016fm v\u00a0obdob\u00ed reprodukce<\/p>\n<p>1,5 &#8211; 3 kg\u00a0\u00a0\u00a0\u00a0\u00a0\u00a0\u00a0 ve\u00a02. f\u00e1zi laktace<\/p>\n<p>1 &#8211; 3 kg\u00a0\u00a0\u00a0\u00a0\u00a0\u00a0\u00a0\u00a0\u00a0\u00a0 h\u0159\u00edbat\u016fm do 24 m\u011bs\u00edc\u016f dle hmotnosti a st\u00e1\u0159\u00ed<\/p>\n<p>&nbsp;<\/p>\n<p><strong>Zp\u016fsob pou\u017eit\u00ed<\/strong>: V\u00fd\u0161e uveden\u00e9 d\u00e1vkov\u00e1n\u00ed z\u00e1vis\u00ed na hmotnosti kon\u011b, jeho budouc\u00edm ur\u010den\u00ed a fyziologick\u00e9m stavu a jeho celkov\u00e9 konstituci a kondici. Dle toho je nutn\u00e9 d\u00e1vkov\u00e1n\u00ed individu\u00e1ln\u011b p\u0159izp\u016fsobit.<\/p>\n<\/div>\n<p>&nbsp;<\/p>\n<div class=\"container\">\n<p><strong>Uchov\u00e1v\u00e1n\u00ed: <\/strong>V\u00a0suchu a temnu, p\u0159i teplot\u011b do 25 <sup>o<\/sup>C<\/p>\n<p><strong>Hmotnost: <\/strong>25 kg<\/p>\n<\/div>\n<\/div>\n<\/div>\n<\/div>\n<\/div>\n<\/div>\n<\/div>\n","protected":false},"excerpt":{"rendered":"<p><strong>Dopl\u0148kov\u00e9 krmivo TOP CHOV bez ovsa pro kon\u011b v obdob\u00ed reprodukce a pro h\u0159\u00edbata<\/strong><\/p>\n<p><strong>vyrobeno podle origin\u00e1ln\u00ed receptury AGROLEX, s.r.o.<\/strong><\/p>\n<p>&nbsp;<\/p>\n<p>Dopl\u0148kov\u00e9 granulovan\u00e9 krmivo TOP CHOV je \u017eivinov\u011b vyv\u00e1\u017een\u00e9, je ur\u010den\u00e9 pro chovn\u00e9 kon\u011b a h\u0159\u00edbata. Spolu s lu\u010dn\u00edm senem a p\u0159\u00eddavkem vlastn\u00edch obilovin (oves, p\u0159\u00edpadn\u011b je\u010dmen) pokr\u00fdv\u00e1 denn\u00ed pot\u0159ebu \u017eivin u chovn\u00fdch kon\u00ed a jejich potomstva. Obsahuje tepeln\u011b opracovan\u00e9 (extrudovan\u00e9) suroviny, plnotu\u010dn\u00e9 tepeln\u011b opracovan\u00e9 sojov\u00e9 boby a vy\u0161\u0161\u00ed obsah lysinu. D\u00e1le obsahuje l\u00e1tky stabilizuj\u00edc\u00ed st\u0159evn\u00ed mikrofl\u00f3ru, m\u00e1 vysok\u00fd obsah kyseliny linolov\u00e9 a nenasycen\u00e9 mastn\u00e9 kyseliny a vy\u0161\u0161\u00ed obsah vitam\u00edn\u016f pro podporu reproduk\u010dn\u00edch funkc\u00ed.<\/p>\n<p>Krmivo TOP CHOV m\u00e1 pozitivn\u00ed \u00fa\u010dinky pro vysoko b\u0159ez\u00ed a koj\u00edc\u00ed klisny s\u00a0h\u0159\u00edbaty. Pozitivn\u011b ovliv\u0148uje v\u00fdvoj plodu, r\u016fst h\u0159\u00edbat a p\u016fsob\u00ed na dobrou kvalitu ejakul\u00e1tu u h\u0159ebc\u016f.<\/p>\n","protected":false},"featured_media":826,"comment_status":"open","ping_status":"closed","template":"","meta":[],"_links":{"self":[{"href":"https:\/\/www.agrolex.cz\/index.php?rest_route=\/wp\/v2\/product\/793"}],"collection":[{"href":"https:\/\/www.agrolex.cz\/index.php?rest_route=\/wp\/v2\/product"}],"about":[{"href":"https:\/\/www.agrolex.cz\/index.php?rest_route=\/wp\/v2\/types\/product"}],"replies":[{"embeddable":true,"href":"https:\/\/www.agrolex.cz\/index.php?rest_route=%2Fwp%2Fv2%2Fcomments&post=793"}],"wp:featuredmedia":[{"embeddable":true,"href":"https:\/\/www.agrolex.cz\/index.php?rest_route=\/wp\/v2\/media\/826"}],"wp:attachment":[{"href":"https:\/\/www.agrolex.cz\/index.php?rest_route=%2Fwp%2Fv2%2Fmedia&parent=793"}],"curies":[{"name":"wp","href":"https:\/\/api.w.org\/{rel}","templated":true}]}}