{"id":803,"date":"2021-05-07T13:47:45","date_gmt":"2021-05-07T13:47:45","guid":{"rendered":"http:\/\/www.agrolex.cz\/?post_type=product&#038;p=803"},"modified":"2025-06-09T21:53:36","modified_gmt":"2025-06-09T21:53:36","slug":"granulovane-krmivo-pro-kone-top-universal","status":"publish","type":"product","link":"https:\/\/www.agrolex.cz\/?product=granulovane-krmivo-pro-kone-top-universal","title":{"rendered":"Granulovan\u00e9 krmivo pro kon\u011b TOP UNIVERSAL"},"content":{"rendered":"<div class=\"all\">\n<div class=\"wrapper\">\n<div class=\"page clearfix\">\n<div class=\"container productDetail\">\n<div class=\"grid-line clearfix\">\n<div class=\"grid grid-70\">\n<div class=\"container\">\n<p><strong>Dopl\u0148kov\u00e9 krmivo TOP UNIVERSAL bez ovsa pro kon\u011b v lehk\u00e9 z\u00e1t\u011b\u017ei, pro rekrea\u010dn\u00ed je\u017ed\u011bn\u00ed a chov<\/strong><\/p>\n<p><strong>vyrobeno podle origin\u00e1ln\u00ed receptury AGROLEX, s.r.o.<\/strong><\/p>\n<p>&nbsp;<\/p>\n<p>Dopl\u0148kov\u00e9 granulovan\u00e9 krmivo energeticky a \u017eivinov\u011b vyv\u00e1\u017een\u00e9 pro kon\u011b lehk\u00e9 z\u00e1t\u011b\u017ei bez ovsa, zabezpe\u010duje plnohodnotnou denn\u00ed v\u00fd\u017eivu dosp\u011bl\u00e9ho kon\u011b spolu s lu\u010dn\u00edm senem a p\u0159\u00eddavkem vlastn\u00edch obilovin (oves, p\u0159\u00edpadn\u011b je\u010dmen). Obsahuje tepeln\u011b opracovan\u00e9 (extrudovan\u00e9) suroviny.<\/p>\n<p>Krmivo TOP UNIVERSAL obsahuje ochrann\u00fd faktor (antioxidant) pro jatern\u00ed bu\u0148ky, kter\u00fd m\u00e1 pozitivn\u00ed \u00fa\u010dinky pro regeneraci jater a m\u00e1 z\u00e1rove\u0148 detoxika\u010dn\u00ed efekt.<\/p>\n<p>&nbsp;<\/p>\n<p><strong>Slo\u017een\u00ed:<\/strong> je\u010dmen, p\u0161enice, vojt\u011b\u0161kov\u00e9 pelety, kuku\u0159ice, hr\u00e1ch, otruby \u017eitn\u00e9 a p\u0161eni\u010dn\u00e9, extr. len, chlorid sodn\u00fd, v\u00e1penec, p\u0161eni\u010dn\u00e1 krmn\u00e1 mouka, monokalcium-fosf\u00e1t, ostropest\u0159ec mari\u00e1nsk\u00fd, uhli\u010ditan sodn\u00fd<\/p>\n<p>&nbsp;<\/p>\n<p><strong>Jakostn\u00ed znaky v\u00a01 kg: Sek 12 MJ\/kg, hrub\u00fd protein 130 g, hrub\u00fd popel 65 g, hrub\u00e1 vl\u00e1knina 83 g, hrub\u00fd tuk 26 g, v\u00e1pn\u00edk 8,6 g, sod\u00edk 4 g, fosfor celk. 4,4 g, lysin 7,4 g, methionin 1,9 g<\/strong><\/p>\n<p>&nbsp;<\/p>\n<p><strong><em>Nutri\u010dn\u00ed dopl\u0148kov\u00e9 l\u00e1tky:<\/em><\/strong><em>\u00a0 3a672a vit. A 7500 m.j., 3a671 Cholekalciferol, vit. D 1000 m.j., 3b502 Oxid manganat\u00fd 50 mg, 3b603 Oxid zine\u010dnat\u00fd 55 mg, 3b103 S\u00edran \u017eeleznat\u00fd mon. 60 mg,\u00a0 3b405 S\u00edran m\u011b\u010f. pent. 10 mg,\u00a0 3b304 Potahovan\u00fd gran. bis (uhl.) kobaltnat\u00fd 0,3 mg, 3b202 Jodid v\u00e1p. 1 mg, 3b801 Seleni\u010d. Sodn\u00fd 0,15 mg<\/em><\/p>\n<p>&nbsp;<\/p>\n<p><strong>Doporu\u010den\u00e9 d\u00e1vkov\u00e1n\u00ed:<\/strong><\/p>\n<p><strong>1 \u2013 3 kg denn\u011b podle z\u00e1t\u011b\u017ee a individu\u00e1ln\u00edho stavu kon\u011b<\/strong><\/p>\n<p>Denn\u00ed d\u00e1vka krmiva pro kon\u011b (500 kg \u017e.hm.):<\/p>\n<p>do 2 kg\u00a0\u00a0\u00a0\u00a0\u00a0\u00a0\u00a0\u00a0\u00a0\u00a0\u00a0 p\u0159i lehk\u00e9 sportovn\u00ed z\u00e1t\u011b\u017ei<\/p>\n<p>2 &#8211; 3 kg\u00a0\u00a0\u00a0\u00a0\u00a0\u00a0\u00a0\u00a0\u00a0\u00a0 p\u0159i st\u0159edn\u00ed z\u00e1t\u011b\u017ei<\/p>\n<p>1 &#8211; 2 kg\u00a0\u00a0\u00a0\u00a0\u00a0\u00a0\u00a0\u00a0\u00a0\u00a0 p\u0159i rekrea\u010dn\u00edm je\u017ed\u011bn\u00ed podle intenzity pr\u00e1ce s kon\u011bm<\/p>\n<p>do 1 kg\u00a0\u00a0\u00a0\u00a0\u00a0\u00a0\u00a0\u00a0\u00a0\u00a0\u00a0 k\u016f\u0148 v rekonvalescenci a v reproduk\u010dn\u00edm klidu<\/p>\n<p>1- 2 kg\u00a0 \u00a0 \u00a0 \u00a0 \u00a0 \u00a0 v prvn\u00ed polovin\u011b b\u0159ezosti<\/p>\n<p>&nbsp;<\/p>\n<p><strong>Zp\u016fsob pou\u017eit\u00ed<\/strong>:<\/p>\n<p class=\"Standard\" style=\"margin-right: -.05pt; text-align: justify;\"><u><span style=\"font-size: 14.0pt;\">V\u00fd\u0161e uveden\u00e9 d\u00e1vkov\u00e1n\u00ed z\u00e1vis\u00ed na hmotnosti va\u0161eho kon\u011b, jeho celkov\u00e9 konstituci a kondici a dle toho je nutn\u00e9 ho i individu\u00e1ln\u011b p\u0159izp\u016fsobit.<\/span><\/u><\/p>\n<p class=\"Standard\" style=\"margin-right: -.05pt; text-align: justify;\"><span style=\"font-size: 14.0pt;\">Jadrn\u00e1 a dopl\u0148kov\u00e1 krmiva (granule, m\u00fcsli) pod\u00e1vejte kon\u00edm \u010dast\u011bji v\u00a0men\u0161\u00ed d\u00e1vce, nejl\u00e9pe 3x\u00a0za den. V\u011bt\u0161\u00ed denn\u00ed frekvence krmen\u00ed pozitivn\u011b ovliv\u0148uje rychlost pas\u00e1\u017ee tr\u00e1v\u00edc\u00ed soustavou, zlep\u0161uje tr\u00e1ven\u00ed a k\u016f\u0148 se c\u00edt\u00ed objektivn\u011b l\u00e9pe zapln\u011bn. <\/span><\/p>\n<p>&nbsp;<\/p>\n<p><strong>Uchov\u00e1v\u00e1n\u00ed: <\/strong>V\u00a0suchu a temnu, p\u0159i teplot\u011b do 25 <sup>o<\/sup>C<\/p>\n<p><strong>Hmotnost: <\/strong>25 kg<\/p>\n<\/div>\n<\/div>\n<\/div>\n<\/div>\n<\/div>\n<\/div>\n<\/div>\n","protected":false},"excerpt":{"rendered":"<p><strong>Dopl\u0148kov\u00e9 krmivo TOP UNIVERSAL bez ovsa pro kon\u011b v lehk\u00e9 z\u00e1t\u011b\u017ei, pro rekrea\u010dn\u00ed je\u017ed\u011bn\u00ed a chov<\/strong><\/p>\n<p><strong>vyrobeno podle origin\u00e1ln\u00ed receptury AGROLEX, s.r.o.<\/strong><\/p>\n<p>Dopl\u0148kov\u00e9 granulovan\u00e9 krmivo energeticky a \u017eivinov\u011b vyv\u00e1\u017een\u00e9 pro kon\u011b lehk\u00e9 z\u00e1t\u011b\u017ei bez ovsa, zabezpe\u010duje plnohodnotnou denn\u00ed v\u00fd\u017eivu dosp\u011bl\u00e9ho kon\u011b spolu s lu\u010dn\u00edm senem a p\u0159\u00eddavkem vlastn\u00edch obilovin (oves, p\u0159\u00edpadn\u011b je\u010dmen). Obsahuje tepeln\u011b opracovan\u00e9 (extrudovan\u00e9) suroviny.<\/p>\n","protected":false},"featured_media":905,"comment_status":"open","ping_status":"closed","template":"","meta":[],"_links":{"self":[{"href":"https:\/\/www.agrolex.cz\/index.php?rest_route=\/wp\/v2\/product\/803"}],"collection":[{"href":"https:\/\/www.agrolex.cz\/index.php?rest_route=\/wp\/v2\/product"}],"about":[{"href":"https:\/\/www.agrolex.cz\/index.php?rest_route=\/wp\/v2\/types\/product"}],"replies":[{"embeddable":true,"href":"https:\/\/www.agrolex.cz\/index.php?rest_route=%2Fwp%2Fv2%2Fcomments&post=803"}],"wp:featuredmedia":[{"embeddable":true,"href":"https:\/\/www.agrolex.cz\/index.php?rest_route=\/wp\/v2\/media\/905"}],"wp:attachment":[{"href":"https:\/\/www.agrolex.cz\/index.php?rest_route=%2Fwp%2Fv2%2Fmedia&parent=803"}],"curies":[{"name":"wp","href":"https:\/\/api.w.org\/{rel}","templated":true}]}}