{"id":812,"date":"2021-05-11T15:42:22","date_gmt":"2021-05-11T15:42:22","guid":{"rendered":"http:\/\/www.agrolex.cz\/?post_type=product&#038;p=812"},"modified":"2022-07-28T22:32:14","modified_gmt":"2022-07-28T22:32:14","slug":"vitamix-se","status":"publish","type":"product","link":"https:\/\/www.agrolex.cz\/?product=vitamix-se","title":{"rendered":"Vitamix SE"},"content":{"rendered":"<div class=\"all\">\n<div class=\"wrapper\">\n<div class=\"page clearfix\">\n<div class=\"container productDetail\">\n<div class=\"grid-line clearfix\">\n<div class=\"grid grid-70\">\n<div class=\"container\">\n<h3>Pro spr\u00e1vnou funkci sval\u016f<\/h3>\n<div class=\"all\">\n<div class=\"wrapper\">\n<div class=\"page clearfix\">\n<div class=\"container productDetail\">\n<div class=\"grid-line clearfix\">\n<div class=\"grid grid-70\">\n<div class=\"container productDetailSpecs\">\n<div class=\"grid-line no-margin clearfix\">\n<div class=\"grid toggleComp\">\n<div class=\"productDetailSpecsContent toggleBlock\">\n<ul>\n<li>Zvy\u0161uje obranyschopnost organismu zejm\u00e9na v z\u00e1t\u011b\u017eov\u00fdch situac\u00edch.<\/li>\n<li>Sni\u017euje v\u00fdskyt degenerace a po\u0161kozen\u00ed nervov\u00e9ho a svalov\u00e9ho syst\u00e9mu.<\/li>\n<li>Podporuje pohlavn\u00ed aktivitu a reproduk\u010dn\u00ed schopnosti.<\/li>\n<li>Zlep\u0161uje kvalitu masa.<\/li>\n<li>P\u016fsob\u00ed proti n\u00e1hl\u00fdm \u00fahyn\u016fm v posledn\u00ed f\u00e1zi v\u00fdkrmu.<\/li>\n<li>Zvy\u0161uje imunitn\u00ed odpov\u011b\u010f organismu na vakcinaci.<\/li>\n<\/ul>\n<\/div>\n<\/div>\n<\/div>\n<\/div>\n<\/div>\n<\/div>\n<\/div>\n<\/div>\n<\/div>\n<\/div>\n<h4><\/h4>\n<h4>Probl\u00e9m<\/h4>\n<div>V \u010cesk\u00e9 republice je dlouhodob\u011b\u00a0pozorov\u00e1na n\u00edzk\u00e1 hladina selenu\u00a0v krmn\u00fdch surovin\u00e1ch, co\u017e v kombinaci\u00a0s intenzivn\u00edm r\u016fstem nebo vysokou\u00a0u\u017eitkovost\u00ed zvy\u0161uje n\u00e1roky na jeho\u00a0dopln\u011bn\u00ed do krmn\u00e9 d\u00e1vky.<\/div>\n<h4><\/h4>\n<h4>Zp\u016fsob aplikace<\/h4>\n<div>P\u0159\u00edpravek je ur\u010den k aplikaci do pitn\u00e9\u00a0vody, p\u0159\u00edpadn\u011b i k zam\u00edch\u00e1n\u00ed p\u0159\u00edmo do\u00a0krmiva. Nejprve se denn\u00ed d\u00e1vka rozpust\u00ed\u00a0v men\u0161\u00edm mno\u017estv\u00ed vody v pom\u011bru p\u0159ibli\u017en\u011b\u00a01 : 10 a d\u00e1le se tento roztok p\u0159id\u00e1v\u00e1\u00a0do nap\u00e1je\u010dek nebo do z\u00e1sobn\u00edku vody.\u00a0P\u0159i pod\u00e1v\u00e1n\u00ed v krmivu je nutn\u00e9 d\u00e1vku\u00a0rovnom\u011brn\u011b zam\u00edchat.\u00a0Vitamix SE se pod\u00e1v\u00e1 selat\u016fm, telat\u016fm,\u00a0prasat\u016fm, kon\u00edm a kr\u00e1l\u00edk\u016fm v n\u00ed\u017ee\u00a0uveden\u00fdch d\u00e1vk\u00e1ch po dobu 3 \u2013 5 dn\u016f.\u00a0V\u00fdrazn\u011b masn\u00fdm prasat\u016fm posledn\u00ed\u00a02 t\u00fddny v\u00fdkrmu. Dr\u016fbe\u017ei se p\u0159\u00edpravek\u00a0pod\u00e1v\u00e1 po dobu 5 \u2013 7 dn\u016f, p\u0159i\u010dem\u017e\u00a0aplikaci je mo\u017en\u00e9 po 3 t\u00fddnech\u00a0opakovat.<\/div>\n<h4><\/h4>\n<h4>D\u00e1vkov\u00e1n\u00ed<\/h4>\n<p>DR\u016eBE\u017d<\/p>\n<\/div>\n<table border=\"1\" cellspacing=\"1\" cellpadding=\"1\">\n<tbody>\n<tr>\n<td>300 \u2013 500 g \/ 1000 l pitn\u00e9 vody<\/td>\n<td>g\/1000 ks<\/td>\n<td>g\/10 kg \u017e. hm.<\/td>\n<td>g\/100 kg \u017e. hm.<\/td>\n<\/tr>\n<tr>\n<td>Mlad\u00e1 dr\u016fbe\u017e do 3 t\u00fddn\u016f st\u00e1\u0159\u00ed<\/td>\n<td>30 &#8211; 60<\/td>\n<td>0,6<\/td>\n<td>6<\/td>\n<\/tr>\n<tr>\n<td>V\u00fdkrm a odchov dr\u016fbe\u017ee nad 3 t\u00fddny st\u00e1\u0159\u00ed<\/td>\n<td>60 &#8211; 90<\/td>\n<td>0,3 &#8211; 0,5<\/td>\n<td>3 &#8211; 5<\/td>\n<\/tr>\n<tr>\n<td>Dosp\u011bl\u00e1 hrabav\u00e1 dr\u016fbe\u017e (slepice, ba\u017eant, perli\u010dka, k\u0159epelka, koroptev, aj.)<\/td>\n<td>60 &#8211; 100<\/td>\n<td>0,3 &#8211; 0,5<\/td>\n<td>3 &#8211; 5<\/td>\n<\/tr>\n<tr>\n<td>Kr\u016fta<\/td>\n<td colspan=\"3\" rowspan=\"1\">180 &#8211; 250<\/td>\n<\/tr>\n<tr>\n<td>Dosp\u011bl\u00e1 vodn\u00ed dr\u016fbe\u017e (husy, kachny)<\/td>\n<td>80 &#8211; 140<\/td>\n<td>0,3 &#8211; 0,5<\/td>\n<td>3 &#8211; 5<\/td>\n<\/tr>\n<\/tbody>\n<\/table>\n<div class=\"container\">\n<div class=\"all\">\n<div class=\"wrapper\">\n<div class=\"page clearfix\">\n<p>SAVCI<\/p>\n<\/div>\n<table border=\"1\" cellspacing=\"1\" cellpadding=\"1\">\n<tbody>\n<tr>\n<td><\/td>\n<td>g\/ ks<\/td>\n<td>g\/10 kg \u017e. hm.<\/td>\n<td>g\/100 kg \u017e. hm.<\/td>\n<\/tr>\n<tr>\n<td>Prase (80 kg)<\/td>\n<td>2,5<\/td>\n<td>0,3<\/td>\n<td>3<\/td>\n<\/tr>\n<tr>\n<td>Tele, h\u0159\u00edb\u011b (150 kg)<\/td>\n<td>4,5<\/td>\n<td>0,3<\/td>\n<td>3<\/td>\n<\/tr>\n<tr>\n<td>Sele, jehn\u011b, k\u016fzle (5 kg)<\/td>\n<td>0,15<\/td>\n<td>0,3<\/td>\n<td>3<\/td>\n<\/tr>\n<tr>\n<td>K\u016f\u0148 (500 kg)<\/td>\n<td>15<\/td>\n<td>0,3<\/td>\n<td>3<\/td>\n<\/tr>\n<tr>\n<td>Kr\u00e1l\u00edk, nutrie (4 kg)<\/td>\n<td>0,03 &#8211; 0,06<\/td>\n<td>0,08 &#8211; 0,16<\/td>\n<td>0,8 &#8211; 1,6<\/td>\n<\/tr>\n<tr>\n<td colspan=\"4\">(zarovnan\u00e1 odm\u011brka &#8211; sou\u010d\u00e1st balen\u00ed &#8211; p\u0159ibli\u017en\u011b 25 g)<\/td>\n<\/tr>\n<\/tbody>\n<\/table>\n<div class=\"page clearfix\">\n<div class=\"container productDetail\">\n<div class=\"grid-line clearfix\">\n<div class=\"grid grid-70\">\n<div class=\"container\">\n<div class=\"all\">\n<div class=\"wrapper\">\n<div class=\"page clearfix\">\n<div class=\"container productDetail\">\n<div class=\"grid-line clearfix\">\n<div class=\"grid grid-70\">\n<div class=\"container\">\n<h4>Slo\u017een\u00ed v 1 kg:<\/h4>\n<div>Selen 300 mg, vitamin E 67 000 mg.<\/div>\n<h4><\/h4>\n<p><strong>Balen\u00ed:\u00a0<\/strong>1 kg, 8 kg plastov\u00e9 d\u00f3zy<\/p>\n<p><strong>Doba pou\u017eitelnosti:<\/strong> 12 m\u011bs\u00edc\u016f od data v\u00fdroby.<\/p>\n<\/div>\n<\/div>\n<\/div>\n<\/div>\n<\/div>\n<\/div>\n<\/div>\n<\/div>\n<\/div>\n<\/div>\n<\/div>\n<\/div>\n<\/div>\n<\/div>\n<\/div>\n<\/div>\n<\/div>\n<\/div>\n<\/div>\n<\/div>\n<\/div>\n","protected":false},"excerpt":{"rendered":"<h3>Na podporu reprodukce<\/h3>\n<div class=\"all\">\n<div class=\"wrapper\">\n<div class=\"page clearfix\">\n<div class=\"container productDetail\">\n<div class=\"grid-line clearfix\">\n<div class=\"grid grid-70\">\n<div class=\"container productDetailSpecs\">\n<div class=\"grid-line no-margin clearfix\">\n<div class=\"grid toggleComp\">\n<div class=\"productDetailSpecsContent toggleBlock\">\n<ul>\n<li>Zlep\u0161uje zab\u0159ez\u00e1v\u00e1n\u00ed a p\u0159\u00edznaky \u0159\u00edje<\/li>\n<li>Zlep\u0161uje spermiogenezi a kvalitu spermatu<\/li>\n<li>Urychluj\u00ed pr\u016fb\u011bh porodu<\/li>\n<li>Napom\u00e1h\u00e1 bezprobl\u00e9mov\u00e9mu spu\u0161t\u011bn\u00ed ml\u00e9ka<\/li>\n<\/ul>\n<p>&nbsp;<\/p>\n<\/div>\n<\/div>\n<\/div>\n<\/div>\n<\/div>\n<\/div>\n<\/div>\n<\/div>\n<\/div>\n<\/div>\n","protected":false},"featured_media":813,"comment_status":"open","ping_status":"closed","template":"","meta":[],"_links":{"self":[{"href":"https:\/\/www.agrolex.cz\/index.php?rest_route=\/wp\/v2\/product\/812"}],"collection":[{"href":"https:\/\/www.agrolex.cz\/index.php?rest_route=\/wp\/v2\/product"}],"about":[{"href":"https:\/\/www.agrolex.cz\/index.php?rest_route=\/wp\/v2\/types\/product"}],"replies":[{"embeddable":true,"href":"https:\/\/www.agrolex.cz\/index.php?rest_route=%2Fwp%2Fv2%2Fcomments&post=812"}],"wp:featuredmedia":[{"embeddable":true,"href":"https:\/\/www.agrolex.cz\/index.php?rest_route=\/wp\/v2\/media\/813"}],"wp:attachment":[{"href":"https:\/\/www.agrolex.cz\/index.php?rest_route=%2Fwp%2Fv2%2Fmedia&parent=812"}],"curies":[{"name":"wp","href":"https:\/\/api.w.org\/{rel}","templated":true}]}}