{"id":839,"date":"2021-11-03T14:25:18","date_gmt":"2021-11-03T14:25:18","guid":{"rendered":"http:\/\/www.agrolex.cz\/?post_type=product&#038;p=839"},"modified":"2022-02-27T20:38:06","modified_gmt":"2022-02-27T20:38:06","slug":"ostropestrec-mariansky-extrudovany","status":"publish","type":"product","link":"https:\/\/www.agrolex.cz\/?product=ostropestrec-mariansky-extrudovany","title":{"rendered":"Ostropest\u0159ec mari\u00e1nsk\u00fd extrudovan\u00fd"},"content":{"rendered":"<p><strong>Extrudovan\u00fd ostropest\u0159ec mari\u00e1nsk\u00fd s vl\u00e1kninou<\/strong><\/p>\n<ul>\n<li>Velmi energetick\u00e9 krmivo<\/li>\n<li>Semena ostropest\u0159ce obsahuj\u00ed velk\u00e9 mno\u017estv\u00ed kvalitn\u00edho oleje a \u00fa\u010dinnou l\u00e1tku sylimarin<\/li>\n<li>M\u00e1 pozitivn\u00ed \u00fa\u010dinky na cel\u00fd organismus<\/li>\n<li>Chr\u00e1n\u00ed a regeneruje jatern\u00ed tk\u00e1\u0148<\/li>\n<li>Je to \u00fa\u010dinn\u00e1 detoxikace organismu &#8211; preventivn\u00ed i l\u00e9\u010debn\u00e1<\/li>\n<li>Celkov\u011b posiluje imunitu<\/li>\n<\/ul>\n<p><strong>Vhodn\u00e9 pro:<\/strong><\/p>\n<p>Kon\u011b, skot, prasata, dr\u016fbe\u017e<\/p>\n<p><strong>D\u00e1vkov\u00e1n\u00ed:<\/strong><\/p>\n<p>Pro kon\u011b 6,5 g na den \/ 100 kg \u017e.hm., bez dal\u0161\u00edch \u00faprav, sta\u010d\u00ed pouze nasypat do krmen\u00ed<\/p>\n<p><strong>Skladov\u00e1n\u00ed:<\/strong><\/p>\n<p>v suchu, chladu a temnu<\/p>\n<p><strong>Balen\u00ed:<\/strong><\/p>\n<p>1 kg<\/p>\n","protected":false},"excerpt":{"rendered":"<p><strong>Extrudovan\u00fd ostropest\u0159ec mari\u00e1nsk\u00fd s vl\u00e1kninou<\/strong><\/p>\n<ul>\n<li>Velmi energetick\u00e9 krmivo<\/li>\n<li>Semena ostropest\u0159ce obsahuj\u00ed velk\u00e9 mno\u017estv\u00ed kvalitn\u00edho oleje a \u00fa\u010dinnou l\u00e1tku sylimarin<\/li>\n<li>M\u00e1 pozitivn\u00ed \u00fa\u010dinky na cel\u00fd organismus<\/li>\n<li>Chr\u00e1n\u00ed a regeneruje jatern\u00ed tk\u00e1\u0148<\/li>\n<li>Je to \u00fa\u010dinn\u00e1 detoxikace organismu &#8211; preventivn\u00ed i l\u00e9\u010debn\u00e1<\/li>\n<li>Celkov\u011b posiluje imunitu<\/li>\n<\/ul>\n","protected":false},"featured_media":837,"comment_status":"open","ping_status":"closed","template":"","meta":[],"_links":{"self":[{"href":"https:\/\/www.agrolex.cz\/index.php?rest_route=\/wp\/v2\/product\/839"}],"collection":[{"href":"https:\/\/www.agrolex.cz\/index.php?rest_route=\/wp\/v2\/product"}],"about":[{"href":"https:\/\/www.agrolex.cz\/index.php?rest_route=\/wp\/v2\/types\/product"}],"replies":[{"embeddable":true,"href":"https:\/\/www.agrolex.cz\/index.php?rest_route=%2Fwp%2Fv2%2Fcomments&post=839"}],"wp:featuredmedia":[{"embeddable":true,"href":"https:\/\/www.agrolex.cz\/index.php?rest_route=\/wp\/v2\/media\/837"}],"wp:attachment":[{"href":"https:\/\/www.agrolex.cz\/index.php?rest_route=%2Fwp%2Fv2%2Fmedia&parent=839"}],"curies":[{"name":"wp","href":"https:\/\/api.w.org\/{rel}","templated":true}]}}