{"id":851,"date":"2022-02-27T18:51:36","date_gmt":"2022-02-27T18:51:36","guid":{"rendered":"http:\/\/www.agrolex.cz\/?post_type=product&#038;p=851"},"modified":"2022-04-18T20:41:56","modified_gmt":"2022-04-18T20:41:56","slug":"nutrihorse-snack-herbs","status":"publish","type":"product","link":"https:\/\/www.agrolex.cz\/?product=nutrihorse-snack-herbs","title":{"rendered":"NutriHorse Snack &#8211; Herbs"},"content":{"rendered":"<p><strong>NutriHorse Snack Hebs Mix<\/strong><br \/>\n<strong>Pochoutka pro kon\u011b s bylinkami<\/strong><\/p>\n<p><strong>Popis<\/strong><br \/>\nDopl\u0148kov\u00e9 krmivo pro kon\u011b s\u00a0Omega-3 mastn\u00fdmi kyselinami a bez p\u0159idan\u00e9ho cukru je ide\u00e1ln\u00ed zdrav\u00e1 odm\u011bna pro va\u0161eho kon\u011b.<\/p>\n<p><strong>Krmn\u00fd n\u00e1vod<\/strong><br \/>\nPochoutka s bylinkami je ide\u00e1ln\u00ed odm\u011bnou pro v\u0161echny kon\u011b b\u011bhem tr\u00e9ninku, po z\u00e1t\u011b\u017ei nebo jen tak pro radost. Pe\u010dliv\u011b vybran\u00e9 suroviny podporuj\u00ed zdrav\u00e9 tr\u00e1ven\u00ed a skv\u011ble chutnaj\u00ed. Zdrav\u00e1 odm\u011bna pro budov\u00e1n\u00ed vztahu s va\u0161\u00edm kon\u011bm.<\/p>\n<p><strong>Slo\u017een\u00ed<\/strong><br \/>\nSlo\u017een\u00ed: je\u010dmen, kuku\u0159ice, vojt\u011b\u0161ka, su\u0161en\u00e1 jablka (10%), Mix bylin (su\u0161en\u00fd fenykl, su\u0161en\u00fd an\u00fdz, su\u0161en\u00fd tymi\u00e1n), ln\u011bn\u00e9 sem\u00ednko (2%), \u0159epkov\u00fd olej (0,2%).<\/p>\n<p><strong>Analytick\u00e9 slo\u017eky:<\/strong><br \/>\nhrub\u00fd protein 10,5%, obsah tuku 4,5%,hrub\u00e1 vl\u00e1knina 8%, hrub\u00fd popel 3,5%, vlhkost 10%, Omega-3 mastn\u00e9 kyseliny 0,3%.<\/p>\n<p>&nbsp;<\/p>\n<h3>Balen\u00ed<\/h3>\n<p>600 g<\/p>\n","protected":false},"excerpt":{"rendered":"<p>Pochoutka s bylinkami je ide\u00e1ln\u00ed odm\u011bnou pro v\u0161echny kon\u011b b\u011bhem tr\u00e9ninku, po z\u00e1t\u011b\u017ei nebo jen tak pro radost. Pe\u010dliv\u011b vybran\u00e9 suroviny podporuj\u00ed zdrav\u00e9 tr\u00e1ven\u00ed a skv\u011ble chutnaj\u00ed. Zdrav\u00e1 odm\u011bna pro budov\u00e1n\u00ed vztahu s va\u0161\u00edm kon\u011bm.<\/p>\n","protected":false},"featured_media":852,"comment_status":"open","ping_status":"closed","template":"","meta":[],"_links":{"self":[{"href":"https:\/\/www.agrolex.cz\/index.php?rest_route=\/wp\/v2\/product\/851"}],"collection":[{"href":"https:\/\/www.agrolex.cz\/index.php?rest_route=\/wp\/v2\/product"}],"about":[{"href":"https:\/\/www.agrolex.cz\/index.php?rest_route=\/wp\/v2\/types\/product"}],"replies":[{"embeddable":true,"href":"https:\/\/www.agrolex.cz\/index.php?rest_route=%2Fwp%2Fv2%2Fcomments&post=851"}],"wp:featuredmedia":[{"embeddable":true,"href":"https:\/\/www.agrolex.cz\/index.php?rest_route=\/wp\/v2\/media\/852"}],"wp:attachment":[{"href":"https:\/\/www.agrolex.cz\/index.php?rest_route=%2Fwp%2Fv2%2Fmedia&parent=851"}],"curies":[{"name":"wp","href":"https:\/\/api.w.org\/{rel}","templated":true}]}}