{"id":869,"date":"2022-02-27T20:42:16","date_gmt":"2022-02-27T20:42:16","guid":{"rendered":"http:\/\/www.agrolex.cz\/?post_type=product&#038;p=869"},"modified":"2022-07-28T22:23:17","modified_gmt":"2022-07-28T22:23:17","slug":"len-extrudovany-se-sojou","status":"publish","type":"product","link":"https:\/\/www.agrolex.cz\/?product=len-extrudovany-se-sojou","title":{"rendered":"Len extrudovan\u00fd se s\u00f3jou"},"content":{"rendered":"<p><strong>Tepeln\u011b upraven\u00e1 olejnina &#8211; ln\u011bn\u00fd extrud\u00e1t se s\u00f3jou<\/strong><\/p>\n<ul>\n<li>\n<div class=\"nadpisy\"><strong>Extrudovan\u00e1 sm\u011bs s\u00f3ji a lnu<\/strong><\/div>\n<p><strong>Slo\u017een\u00ed:\u00a0<\/strong>len olejn\u00fd, s\u00f3jov\u00fd extrahovan\u00fd \u0161rot<\/p>\n<p><strong>Charakteristika:\u00a0<\/strong>Velmi kvalitn\u00ed krmivo s vysok\u00fdm obsahem b\u00edlkovin a tuku. Pozitivn\u00ed vliv na tr\u00e1vic\u00ed trakt, kvalitu srsti a k\u016f\u017ee, podporuje r\u016fst tk\u00e1n\u00ed.<br \/>\nExtrudovanou sm\u011bs s\u00f3ji a lnu ji\u017e nen\u00ed t\u0159eba d\u00e1le upravovat.<\/p>\n<p><strong>Vhodn\u00e9 pro kategorie zv\u00ed\u0159at:\u00a0<\/strong>skot, prasata, kon\u011b, dr\u016fbe\u017e<\/p>\n<p><strong>Minim\u00e1ln\u00ed trvanlivost:\u00a0<\/strong>6 m\u011bs\u00edc\u016f od data v\u00fdroby<\/p>\n<p><strong>Skladov\u00e1n\u00ed:\u00a0<\/strong>skladujte v suchu, chladu a temnu<\/li>\n<\/ul>\n<p><strong>D\u00e1vkov\u00e1n\u00ed:<\/strong><\/p>\n<p>Pro kon\u011b cca 300 g na den a 500 kg \u017e.hm., bez dal\u0161\u00edch \u00faprav, sta\u010d\u00ed pouze nasypat do krmen\u00ed<\/p>\n<p><strong>Skladov\u00e1n\u00ed:<\/strong><\/p>\n<p>v suchu, chladu a temnu<\/p>\n<p><strong>Balen\u00ed:<\/strong><\/p>\n<p>5 kg, 10 kg<\/p>\n","protected":false},"excerpt":{"rendered":"<div class=\"nadpisy\"><strong>Extrudovan\u00e1 sm\u011bs s\u00f3ji a lnu<\/strong><\/div>\n<p>Velmi kvalitn\u00ed krmivo s vysok\u00fdm obsahem b\u00edlkovin a tuku. Pozitivn\u00ed vliv na tr\u00e1vic\u00ed trakt, kvalitu srsti a k\u016f\u017ee, podporuje r\u016fst tk\u00e1n\u00ed.<br \/>\nExtrudovanou sm\u011bs s\u00f3ji a lnu ji\u017e nen\u00ed t\u0159eba d\u00e1le upravovat.<\/p>\n","protected":false},"featured_media":872,"comment_status":"open","ping_status":"closed","template":"","meta":[],"_links":{"self":[{"href":"https:\/\/www.agrolex.cz\/index.php?rest_route=\/wp\/v2\/product\/869"}],"collection":[{"href":"https:\/\/www.agrolex.cz\/index.php?rest_route=\/wp\/v2\/product"}],"about":[{"href":"https:\/\/www.agrolex.cz\/index.php?rest_route=\/wp\/v2\/types\/product"}],"replies":[{"embeddable":true,"href":"https:\/\/www.agrolex.cz\/index.php?rest_route=%2Fwp%2Fv2%2Fcomments&post=869"}],"wp:featuredmedia":[{"embeddable":true,"href":"https:\/\/www.agrolex.cz\/index.php?rest_route=\/wp\/v2\/media\/872"}],"wp:attachment":[{"href":"https:\/\/www.agrolex.cz\/index.php?rest_route=%2Fwp%2Fv2%2Fmedia&parent=869"}],"curies":[{"name":"wp","href":"https:\/\/api.w.org\/{rel}","templated":true}]}}