{"id":918,"date":"2022-12-28T10:46:00","date_gmt":"2022-12-28T10:46:00","guid":{"rendered":"http:\/\/www.agrolex.cz\/?post_type=product&#038;p=918"},"modified":"2025-06-09T22:02:06","modified_gmt":"2025-06-09T22:02:06","slug":"agrolex-elektrolyt-top-forte","status":"publish","type":"product","link":"https:\/\/www.agrolex.cz\/?product=agrolex-elektrolyt-top-forte","title":{"rendered":"Agrolex ELEKTROLYT Top Forte"},"content":{"rendered":"<p><strong>Vodorozpustn\u00fd dopln\u011bk vhodn\u00fd jako dopln\u011bn\u00ed iont\u016f &#8211; sod\u00edku, drasl\u00edku, chloru nebo ho\u0159\u010d\u00edku.<\/strong><\/p>\n<p>Pou\u017e\u00edv\u00e1 se p\u0159i nadm\u011brn\u00e9m pocen\u00ed a vysok\u00e9 sportovn\u00ed nebo fyziologick\u00e9 z\u00e1t\u011b\u017ei.<\/p>\n<p>P\u0159i pocen\u00ed ztr\u00e1c\u00ed k\u016f\u0148 d\u016fle\u017eit\u00e9 elektrolyty jako jsou sod\u00edk, drasl\u00edk a chlor. Vodorozpustn\u00fd pr\u00e1\u0161ek Agrolex Elektrolyt TOP FORTE vhodn\u011b dopl\u0148uje tyto ionty. Vyrovn\u00e1v\u00e1 acidobazickou rovnov\u00e1hu, zlep\u0161uje regeneraci organismu kon\u011b po z\u00e1t\u011b\u017ei a p\u0159i pou\u017eit\u00ed p\u0159ed z\u00e1t\u011b\u017e\u00ed umo\u017en\u00ed vytvo\u0159it si rezervu elektrolyt\u016f.<\/p>\n<p>P\u0159\u00edpravek se pod\u00e1v\u00e1 rozpu\u0161t\u011bn\u00fd ve vod\u011b.<\/p>\n<p><strong>D\u016fle\u017eit\u00e9 vlastnosti<\/strong><\/p>\n<ul>\n<li>Vyrovn\u00e1v\u00e1 acidobazickou rovnov\u00e1hu<\/li>\n<li>P\u0159ed z\u00e1t\u011b\u017e\u00ed umo\u017en\u00ed koni vytvo\u0159it si rezervu elektrolyt\u016f<\/li>\n<li>Zlep\u0161uje regeneraci organismu po z\u00e1t\u011b\u017ei &#8211; sportovn\u00ed nebo fyziologick\u00e9<\/li>\n<\/ul>\n","protected":false},"excerpt":{"rendered":"<p><strong>Vodorozpustn\u00fd dopln\u011bk vhodn\u00fd jako dopln\u011bn\u00ed iont\u016f &#8211; sod\u00edku, drasl\u00edku, chloru nebo ho\u0159\u010d\u00edku.<\/strong><\/p>\n<p>Pou\u017e\u00edv\u00e1 se p\u0159i nadm\u011brn\u00e9m pocen\u00ed a vysok\u00e9 sportovn\u00ed nebo fyziologick\u00e9 z\u00e1t\u011b\u017ei.<\/p>\n","protected":false},"featured_media":922,"comment_status":"open","ping_status":"closed","template":"","meta":[],"_links":{"self":[{"href":"https:\/\/www.agrolex.cz\/index.php?rest_route=\/wp\/v2\/product\/918"}],"collection":[{"href":"https:\/\/www.agrolex.cz\/index.php?rest_route=\/wp\/v2\/product"}],"about":[{"href":"https:\/\/www.agrolex.cz\/index.php?rest_route=\/wp\/v2\/types\/product"}],"replies":[{"embeddable":true,"href":"https:\/\/www.agrolex.cz\/index.php?rest_route=%2Fwp%2Fv2%2Fcomments&post=918"}],"wp:featuredmedia":[{"embeddable":true,"href":"https:\/\/www.agrolex.cz\/index.php?rest_route=\/wp\/v2\/media\/922"}],"wp:attachment":[{"href":"https:\/\/www.agrolex.cz\/index.php?rest_route=%2Fwp%2Fv2%2Fmedia&parent=918"}],"curies":[{"name":"wp","href":"https:\/\/api.w.org\/{rel}","templated":true}]}}