{"id":944,"date":"2023-05-03T07:45:11","date_gmt":"2023-05-03T07:45:11","guid":{"rendered":"http:\/\/www.agrolex.cz\/?post_type=product&#038;p=944"},"modified":"2025-06-09T21:51:42","modified_gmt":"2025-06-09T21:51:42","slug":"granulovane-krmivo-pro-kone-top-vlaknina","status":"publish","type":"product","link":"https:\/\/www.agrolex.cz\/?product=granulovane-krmivo-pro-kone-top-vlaknina","title":{"rendered":"Granulovan\u00e9 krmivo pro kon\u011b TOP VL\u00c1KNINA"},"content":{"rendered":"<div class=\"all\">\n<div class=\"wrapper\">\n<div class=\"page clearfix\">\n<div class=\"container productDetail\">\n<div class=\"grid-line clearfix\">\n<div class=\"grid grid-70\">\n<div class=\"container\">\n<p><strong>Dopl\u0148kov\u00e9 krmivo TOP VL\u00c1KNINA<\/strong><\/p>\n<p><b>dietetick\u00e9 granulovan\u00e9 krmivo pro kon\u011b s vysok\u00fdm obsahem vl\u00e1kniny<\/b><\/p>\n<p><strong>vyrobeno podle origin\u00e1ln\u00ed receptury AGROLEX, s.r.o.<\/strong><\/p>\n<p>&nbsp;<\/p>\n<p class=\"Standard\" style=\"margin-right: -.05pt; text-align: justify;\"><span style=\"font-size: 14.0pt;\">Dietetick\u00e9 dopl\u0148kov\u00e9 granulovan\u00e9 krmivo TOP VL\u00c1KNINA je charakteristick\u00e9 vysok\u00fdm obsahem vl\u00e1kniny. Vl\u00e1knina pln\u011b vyhovuje fyziologick\u00fdm po\u017eadavk\u016fm tr\u00e1ven\u00ed. P\u0159\u00edzniv\u011b p\u016fsob\u00ed na tvorbu slin (salivaci) a t\u00edm i na \u010dinnost st\u0159ev a posun tr\u00e1veniny. P<span style=\"color: black;\">\u016fsob\u00ed p\u0159\u00edzniv\u011b na vyu\u017eit\u00ed ostatn\u00edch \u017eivin a tr\u00e1ven\u00ed. Krmivo slou\u017e\u00ed jako dopln\u011bk krmn\u00e9 d\u00e1vky, resp. jej\u00ed objemov\u00e9 \u010d\u00e1sti.<\/span><\/span><\/p>\n<p>&nbsp;<\/p>\n<p><strong>Doporu\u010den\u00e9 d\u00e1vkov\u00e1n\u00ed:<\/strong><\/p>\n<p>Denn\u00ed d\u00e1vka krmiva pro kon\u011b (500 kg \u017e. hm.): do 3 kg denn\u011b<\/p>\n<p><strong>1 \u2013 3 kg denn\u011b podle pot\u0159eby, mno\u017estv\u00ed a kvality objemov\u00e9ho krmiva, hmotnosti a individu\u00e1ln\u00edho stavu kon\u011b<\/strong><\/p>\n<p>&nbsp;<\/p>\n<p><strong>Zp\u016fsob pou\u017eit\u00ed<\/strong>:<\/p>\n<p class=\"Standard\" style=\"margin-right: -.05pt; text-align: justify;\"><u><span style=\"font-size: 14.0pt;\">V\u00fd\u0161e uveden\u00e9 d\u00e1vkov\u00e1n\u00ed z\u00e1vis\u00ed na hmotnosti a v\u011bku va\u0161eho kon\u011b, jeho celkov\u00e9 konstituci a kondici a slo\u017een\u00ed krmn\u00e9 d\u00e1vky, p\u0159edev\u0161\u00edm objemov\u00e9 \u010d\u00e1sti. Podle toho je vhodn\u00e9 d\u00e1vkov\u00e1n\u00ed krmiva individu\u00e1ln\u011b p\u0159izp\u016fsobit.<\/span><\/u><\/p>\n<p class=\"Standard\" style=\"margin-right: -.05pt; text-align: justify;\"><span style=\"font-size: 14.0pt;\">Velmi d\u016fle\u017eit\u00e9 je dodr\u017eov\u00e1n\u00ed pravideln\u00e9ho pitn\u00e9ho re\u017eimu v ka\u017ed\u00e9m ro\u010dn\u00edm obdob\u00ed.<\/span><\/p>\n<p>&nbsp;<\/p>\n<p><strong>Uchov\u00e1v\u00e1n\u00ed: <\/strong>V\u00a0suchu a temnu, p\u0159i teplot\u011b do 25 <sup>o<\/sup>C<\/p>\n<p><strong>Hmotnost: <\/strong>25 kg<\/p>\n<\/div>\n<\/div>\n<\/div>\n<\/div>\n<\/div>\n<\/div>\n<\/div>\n","protected":false},"excerpt":{"rendered":"<p><strong>Dopl\u0148kov\u00e9 krmivo TOP VL\u00c1KNINA<\/strong><\/p>\n<p><b>dietetick\u00e9 granulovan\u00e9 krmivo pro kon\u011b s vysok\u00fdm obsahem vl\u00e1kniny<\/b><\/p>\n<p><strong>vyrobeno podle origin\u00e1ln\u00ed receptury AGROLEX, s.r.o.<\/strong><\/p>\n<p>&nbsp;<\/p>\n<p class=\"Standard\" style=\"margin-right: -.05pt; text-align: justify;\"><span style=\"font-size: 14.0pt;\">Dopl\u0148kov\u00e9 granulovan\u00e9 krmivo TOP DAILY je energeticky a \u017eivinov\u011b vyv\u00e1\u017een\u00e9 a je ur\u010deno <span style=\"color: black;\">pro rekrea\u010dn\u00ed a hobby kon\u011b.\u00a0 <\/span><\/span><span style=\"font-size: 14.0pt; color: black;\">Vhodn\u00e9 je t\u00e9\u017e pro kon\u011b st\u0159edn\u00edho vzr\u016fstu a pon\u00edky. Krmivo m\u016f\u017ee b\u00fdt pou\u017eito tak\u00e9 pro klisny, kter\u00e9 nezab\u0159ezly.<\/span><\/p>\n<p class=\"Standard\" style=\"margin-right: -.05pt; text-align: justify;\"><span style=\"font-size: 14.0pt; color: black;\">Zabezpe\u010duje plnohodnotnou denn\u00ed v\u00fd\u017eivu rekrea\u010dn\u00edho a hobby kon\u011b, v kombinaci spolu s lu\u010dn\u00edm senem a p\u0159\u00edpadn\u011b p\u0159\u00eddavkem vlastn\u00edch obilovin (oves, je\u010dmen).<\/span><\/p>\n","protected":false},"featured_media":947,"comment_status":"open","ping_status":"closed","template":"","meta":[],"_links":{"self":[{"href":"https:\/\/www.agrolex.cz\/index.php?rest_route=\/wp\/v2\/product\/944"}],"collection":[{"href":"https:\/\/www.agrolex.cz\/index.php?rest_route=\/wp\/v2\/product"}],"about":[{"href":"https:\/\/www.agrolex.cz\/index.php?rest_route=\/wp\/v2\/types\/product"}],"replies":[{"embeddable":true,"href":"https:\/\/www.agrolex.cz\/index.php?rest_route=%2Fwp%2Fv2%2Fcomments&post=944"}],"wp:featuredmedia":[{"embeddable":true,"href":"https:\/\/www.agrolex.cz\/index.php?rest_route=\/wp\/v2\/media\/947"}],"wp:attachment":[{"href":"https:\/\/www.agrolex.cz\/index.php?rest_route=%2Fwp%2Fv2%2Fmedia&parent=944"}],"curies":[{"name":"wp","href":"https:\/\/api.w.org\/{rel}","templated":true}]}}