{"id":971,"date":"2024-08-22T17:32:48","date_gmt":"2024-08-22T17:32:48","guid":{"rendered":"http:\/\/www.agrolex.cz\/?post_type=product&#038;p=971"},"modified":"2024-08-22T17:43:44","modified_gmt":"2024-08-22T17:43:44","slug":"milevit-funkcni-pamlsky-pro-kone","status":"publish","type":"product","link":"https:\/\/www.agrolex.cz\/?product=milevit-funkcni-pamlsky-pro-kone","title":{"rendered":"MILEVIT &#8211; funk\u010dn\u00ed pamlsky pro kon\u011b"},"content":{"rendered":"<p><strong>MILEVIT<\/strong><br \/>\n<b>Funk\u010dn\u00ed pamlsky pro kon\u011b<\/b><\/p>\n<p><strong>Popis<\/strong><br \/>\nPod\u00e1v\u00e1 se ke krmivu, dopl\u0148uje denn\u00ed d\u00e1vku z\u00e1kladn\u00edch makroprvk\u016f, aminokyselin lysinu a methioninu a p\u0159edev\u0161\u00edm vitam\u00edny skupiny B, kter\u00e9 podporuj\u00ed funkci jater a kvalitu srsti a k\u016f\u017ee.<\/p>\n<ul>\n<li>esenci\u00e1ln\u00ed aminokyseliny<\/li>\n<li>\u017eivotn\u011b d\u016fle\u017eit\u00e9 makroprvky: v\u00e1pn\u00edk, fosfor, sod\u00edk<\/li>\n<li>lysin &#8211; svaly a reprodukce<\/li>\n<li>methionin &#8211; vnit\u0159n\u00ed org\u00e1ny, k\u016f\u017ee a srst<\/li>\n<li>lecitin &#8211; nervov\u00e1 soustava<\/li>\n<li>hojen\u00ed ko\u017en\u00edch l\u00e9z\u00ed<\/li>\n<li>kopytn\u00ed rohovina<\/li>\n<\/ul>\n<p><strong>D\u00e1vkov\u00e1n\u00ed:<\/strong><\/p>\n<p>2-3 ks \/ den \/ 100 kg \u017e.hm. \u2013 nativn\u00ed plemena (1x denn\u011b)<\/p>\n<p>5-10 ks \/ den \/ 100 kg \u017e.hm. \u2013 teplokrevn\u00edci (1-2x denn\u011b)<\/p>\n<p>Pamlsek nenahrazuje z\u00e1kladn\u00ed krmnou d\u00e1vku, jedn\u00e1 se o funk\u010dn\u00ed nutri\u010dn\u00ed dopln\u011bk.<\/p>\n<p><strong>Slo\u017een\u00ed:<\/strong> Kuku\u0159ice extrudovan\u00e1, lecitin, \u0161krob kuku\u0159i\u010dn\u00fd, dihydrogenfosfore\u010dnan v\u00e1penat\u00fd, chlorid sodn\u00fd, v\u00e1penec, L lysin, DL\u00a0methionin, vitaminy A, D3, E<\/p>\n<p><strong>Aminokyseliny a makroprvky: <\/strong>lysin 0,39%, methionin 0,29%, v\u00e1pn\u00edk 0,95%, fosfor\u00a00,41%, sod\u00edk 0,21%.<\/p>\n<p><strong>Vitam\u00edny (v 1 kg): <\/strong>Niacin 2542 mg, Kyselina listov\u00e1 40 mg.<\/p>\n<p>Skladov\u00e1n\u00ed v\u00a0suchu a temnu, p\u0159i teplot\u011b do 25<sup>o<\/sup>C<\/p>\n<h3>Balen\u00ed<\/h3>\n<p>800 g<\/p>\n","protected":false},"excerpt":{"rendered":"<p>Funk\u010dn\u00ed pamlsky pro kon\u011b. Pod\u00e1v\u00e1 se ke krmivu, dopl\u0148uje denn\u00ed d\u00e1vku z\u00e1kladn\u00edch makroprvk\u016f, aminokyselin lysinu a methioninu a p\u0159edev\u0161\u00edm vitam\u00edny skupiny B, kter\u00e9 podporuj\u00ed funkci jater a kvalitu srsti a k\u016f\u017ee.<\/p>\n","protected":false},"featured_media":974,"comment_status":"open","ping_status":"closed","template":"","meta":[],"_links":{"self":[{"href":"https:\/\/www.agrolex.cz\/index.php?rest_route=\/wp\/v2\/product\/971"}],"collection":[{"href":"https:\/\/www.agrolex.cz\/index.php?rest_route=\/wp\/v2\/product"}],"about":[{"href":"https:\/\/www.agrolex.cz\/index.php?rest_route=\/wp\/v2\/types\/product"}],"replies":[{"embeddable":true,"href":"https:\/\/www.agrolex.cz\/index.php?rest_route=%2Fwp%2Fv2%2Fcomments&post=971"}],"wp:featuredmedia":[{"embeddable":true,"href":"https:\/\/www.agrolex.cz\/index.php?rest_route=\/wp\/v2\/media\/974"}],"wp:attachment":[{"href":"https:\/\/www.agrolex.cz\/index.php?rest_route=%2Fwp%2Fv2%2Fmedia&parent=971"}],"curies":[{"name":"wp","href":"https:\/\/api.w.org\/{rel}","templated":true}]}}